{"id":126,"date":"2020-12-17T21:03:00","date_gmt":"2020-12-17T20:03:00","guid":{"rendered":"http:\/\/cla.unical.it\/?page_id=126"},"modified":"2025-05-16T17:03:16","modified_gmt":"2025-05-16T15:03:16","slug":"presentazione","status":"publish","type":"page","link":"https:\/\/cla.unical.it\/en\/presentation\/","title":{"rendered":"Presentation"},"content":{"rendered":"<div id=\"pl-126\"  class=\"panel-layout\" ><div id=\"pg-126-0\"  class=\"panel-grid panel-no-style\" ><div id=\"pgc-126-0-0\"  class=\"panel-grid-cell\" ><div id=\"panel-126-0-0-0\" class=\"so-panel widget widget_sow-editor panel-first-child\" data-index=\"0\" ><div\n\t\t\t\n\t\t\tclass=\"so-widget-sow-editor so-widget-sow-editor-base\"\n\t\t\t\n\t\t>\n<div class=\"siteorigin-widget-tinymce textwidget\">\n\t<p style=\"text-align: justify;\">Il Centro per i servizi Linguistici di Ateneo (CLA), realt\u00e0 viva e pulsante del Campus,\u00a0 \u00e8 capace di abbracciare e rispondere alle esigenze degli studenti, del personale docente, amministrativo e tecnico dell\u2019UniCal, cos\u00ec come \u00e8 anche fortemente rivolto al territorio. Tante le azioni positive svolte, istituzionali e non, che hanno variegato la storia di un Centro che si \u00e8 fatto conoscere nel tempo e che ha assunto un ruolo di sempre maggior valore anche a livello internazionale.<\/p>\n<p style=\"text-align: justify;\">Il CLA \u00e8 membro dell'Associazione Italiana dei Centri Linguistici Universitari (AICLU) all'interno della quale ha ricoperto il ruolo di Segreteria Nazionale (2010-2013) e il ruolo di Presidenza Nazionale (2013-2016) (2019-2022). Fino al 2022 \u00e8 stato sede della Vice-Presidenza Europea CERCLES (European Confederation of Language Centres in Higher Education).<\/p>\n<p style=\"text-align: justify;\">\u00c8 difficile andare a delineare i contorni di una realt\u00e0 variegata come quella che si respira al CLA, volendo pensare a delle parole chiave che possano arrivare a identificarlo si pu\u00f2 fare riferimento a Culture, o meglio un incontro di diverse culture; Lingue o multilinguismo come obiettivo a cui aspirare, e ancora Internazionalit\u00e0 che si differenzia dal concetto di internazionalizzazione, andando oltre, poich\u00e9 si intende come condivisione di diversi modi di pensare, consapevolezza delle differenze di comportamento, curiosit\u00e0 verso quanto di nuovo e di diverso esiste. E il sito del CLA non pu\u00f2 che riflettere questa visione del mondo, aperta, sodale, positiva. Ad esempio, l\u2019Area Notizie all\u2019interno dello spazio web cla.unical.it rispecchia volutamente proprio questa idea: immagini di viaggio scorrono davanti all'osservatore, cartoline dal mondo che incoraggiano a chiedersi cosa c'\u00e8 dietro la foto? Quanto si pu\u00f2 apprendere visitando quei luoghi? Cosa c'\u00e8 oltre?<\/p>\n<p style=\"text-align: justify;\">Ma il CLA \u00e8 anche altro. Offre servizi e azioni didattiche per tutta la comunit\u00e0 universitaria: Studenti e Studentesse, attraverso l\u2019Offerta Linguistica di Ateneo (OLA); Dottorandi, Personale Tecnico Amministrativo (PTA), Ricercatori, Docenti per mezzo di attivit\u00e0 strutturate ad hoc per ogni loro esigenza. In particolare servizi linguistici condotti in aula, ma anche online in una formula che esalta al meglio il valore dello Studio in Autonomia. Quest\u2019ultimo approccio allo studio, in special modo, deve essere considerato non come un modo per \"lasciare abbandonato\" il corsista a se stesso, ma al contrario come una \"filosofia di apprendimento\" mirata a fortificare fiducia e consapevolezza nel fatto che si possa essere in grado di gestire lo studio sulla base di interessi individuali, dei propri ritmi, delle proprie competenze. In altre parole: che tu sia un giovane studente\/studentessa o meno avrai la possibilit\u00e0 di chiederti quali sono le tue abilit\u00e0? I tuoi punti di forza? E quelli di debolezza? E scegliere tu come orientarti per migliorare!<\/p>\n<p style=\"text-align: justify;\">Proprio in questa direzione abbiamo lavorato negli anni per offrire, a chi vorr\u00e0 utilizzare il sito del CLA, percorsi di studio autonomi guidati attraverso materiale che aiuti a sviluppare competenze linguistiche nel settore accademico, aziendalistico, sociale, scientifico. Tutto questo attraverso programmi interattivi, video su tematiche correnti selezionati per scopi didattici, video clip di canzoni che aiutano a sviluppare una necessaria musicalit\u00e0 linguistica.<\/p>\n<p style=\"text-align: justify;\">Partecipare alle attivit\u00e0 del Centro per i servizi Linguistici di Ateneo \u00e8 molto importante: si tratta di un centro dinamico e affollato da tante figure professionali legate da interessi di lavoro comune ma anche da legami affettivi che si sono creati e consolidati nel tempo. E sono tante le azioni che vanno a creare il corollario positivo in cui affonda le sue profonde radici. Tra le altre, il rivestire con colori e trasparenze i propri spazi. \u201cColori del mattino\u201d, come ha commentato una studentessa! Arancio, azzurro, giallo. Colori che incitano a studiare in un contesto armonico. Questo con l'obiettivo di accogliere bene tutti i nostri e le nostre ospiti e dare loro consapevolezza che si \u00e8 voluto creare un ambiente di studio confortevole perch\u00e9 a loro sono rivolte le nostre priorit\u00e0 di azione.<\/p>\n<p style=\"text-align: justify;\">Il resto si pu\u00f2 elencare in piccoli atti che possono essere significativi per tanti, ce lo ha insegnato l'esperienza e le richieste che ci sono state rivolte nel tempo: conversare con un tutor nella lingua richiesta, rivedere gli aspetti linguistici di un paper, rivedere la presentazione che ci mette tanto in ansia prima di partecipare ad un convegno internazionale, tradurre un articolo, offrire servizi didattici per il territorio e per le Scuole, dare l'opportunit\u00e0 di partecipare ad esami mirati ad ottenere certificazioni internazionali.<\/p>\n<p style=\"text-align: justify;\">Tuttavia, i doveri istituzionali del CLA rimangono la priorit\u00e0. L'obiettivo \u00e8 offrire input linguistici grazie allo Staff esperto e grazie alle giornate di orientamento ai servizi didattici erogati, programmate per il contesto accademico e per il territorio. Insomma, c'\u00e8 tanto da fare, tanto lavoro da svolgere seguendo le linee guida dell\u2019ingegno e della disponibilit\u00e0 per offrire sempre soluzioni mirate. Noi vi terremo informati attraverso il sito Web e le notizie del CLA che pubblicheremo periodicamente. Tutto questo per incoraggiare a superare la pigrizia multilinguistica che spesso ci avvolge, stimolare consapevolezze interculturali, incoraggiare la mobilit\u00e0 accademica e lavorativa, sviluppare competenze linguistiche per potere ben comunicare in altre lingue.<\/p>\n<p style=\"text-align: justify;\">Noi dal CLA cercheremo di facilitare queste azioni e di trasmettere la passione per il lavoro che ci accompagna da sempre.<\/p>\n<\/div>\n<\/div><\/div><div id=\"panel-126-0-0-1\" class=\"so-panel widget widget_text\" data-index=\"1\" ><h3 class=\"widget-title\">Regolamento del Centro Linguistico di Ateneo<\/h3>\t\t\t<div class=\"textwidget\"><p>Da qui \u00e8 possibile scaricare il Regolamento.<\/p>\n<\/div>\n\t\t<\/div><div id=\"panel-126-0-0-2\" class=\"so-panel widget widget_sow-button\" data-index=\"2\" ><div\n\t\t\t\n\t\t\tclass=\"so-widget-sow-button so-widget-sow-button-wire-2fc298b062c5-126\"\n\t\t\t\n\t\t><div class=\"ow-button-base ow-button-align-left\"\n>\n\t\t\t<a\n\t\t\t\t\thref=\"http:\/\/old.cla.unical.it\/media\/filer_public\/52\/07\/52073a42-7ca2-4b0a-a817-161e2ccb8087\/regolamento_approvato_dal_cts_giugno_2017.pdf\"\n\t\t\t\t\tclass=\"sowb-button ow-icon-placement-left ow-button-hover\" target=\"_blank\" rel=\"noopener noreferrer\" download=\"\" \t>\n\t\t<span>\n\t\t\t<span class=\"sow-icon-fontawesome sow-far\" data-sow-icon=\"&#xf358;\"\n\t\tstyle=\"\" \n\t\taria-hidden=\"true\"><\/span>\n\t\t\tScarica il Regolamento\t\t<\/span>\n\t\t\t<\/a>\n\t<\/div>\n<\/div><\/div><div id=\"panel-126-0-0-3\" class=\"so-panel widget widget_sow-slider panel-last-child\" data-index=\"3\" ><div class=\"panel-widget-style panel-widget-style-for-126-0-0-3\" ><div\n\t\t\t\n\t\t\tclass=\"so-widget-sow-slider so-widget-sow-slider-default-6d39609536fd-126\"\n\t\t\t\n\t\t>\t\t\t\t<div class=\"sow-slider-base\" style=\"display: none\" tabindex=\"0\">\n\t\t\t\t\t<ul\n\t\t\t\t\tclass=\"sow-slider-images\"\n\t\t\t\t\tdata-settings=\"{&quot;pagination&quot;:true,&quot;speed&quot;:800,&quot;timeout&quot;:9000,&quot;paused&quot;:false,&quot;pause_on_hover&quot;:false,&quot;swipe&quot;:false,&quot;nav_always_show_desktop&quot;:&quot;&quot;,&quot;nav_always_show_mobile&quot;:&quot;&quot;,&quot;breakpoint&quot;:&quot;780px&quot;,&quot;unmute&quot;:false,&quot;anchor&quot;:null}\"\n\t\t\t\t\t\t\t\t\t\tdata-anchor-id=\"\"\n\t\t\t\t>\t\t<li class=\"sow-slider-image\" style=\"visibility: visible;\" >\n\t\t\t\t\t\t<div class=\"sow-slider-image-container\">\n\t\t\t\t<div class=\"sow-slider-image-wrapper\" style=\"max-width: 1024px\">\n\t\t\t\t\t\t\t\t\t\t<div class=\"sow-slider-image-foreground-wrapper\">\n\t\t\t\t\t\t<img loading=\"lazy\" decoding=\"async\" width=\"1024\" height=\"680\" src=\"https:\/\/cla.unical.it\/wp-content\/uploads\/2020\/12\/cubo-25c_14603411035_o.jpg__1024x1024_q85_subsampling-2.jpg\" class=\"sow-slider-foreground-image\" alt=\"\" style=\"\" srcset=\"https:\/\/cla.unical.it\/wp-content\/uploads\/2020\/12\/cubo-25c_14603411035_o.jpg__1024x1024_q85_subsampling-2.jpg 1024w, https:\/\/cla.unical.it\/wp-content\/uploads\/2020\/12\/cubo-25c_14603411035_o.jpg__1024x1024_q85_subsampling-2-300x199.jpg 300w, https:\/\/cla.unical.it\/wp-content\/uploads\/2020\/12\/cubo-25c_14603411035_o.jpg__1024x1024_q85_subsampling-2-768x510.jpg 768w, https:\/\/cla.unical.it\/wp-content\/uploads\/2020\/12\/cubo-25c_14603411035_o.jpg__1024x1024_q85_subsampling-2-272x182.jpg 272w\" sizes=\"auto, (max-width: 1024px) 100vw, 1024px\" \/>\t\t\t\t\t<\/div>\n\t\t\t\t\t\t\t\t\t<\/div>\n\t\t\t<\/div>\n\t\t\t\t\t<\/li>\n\t\t\t\t<li class=\"sow-slider-image\" style=\"visibility: hidden;\" >\n\t\t\t\t\t\t<div class=\"sow-slider-image-container\">\n\t\t\t\t<div class=\"sow-slider-image-wrapper\" style=\"max-width: 1024px\">\n\t\t\t\t\t\t\t\t\t\t<div class=\"sow-slider-image-foreground-wrapper\">\n\t\t\t\t\t\t<img loading=\"lazy\" decoding=\"async\" width=\"1024\" height=\"680\" src=\"https:\/\/cla.unical.it\/wp-content\/uploads\/2020\/12\/cubo-25c_14580396646_o.jpg__1024x1024_q85_subsampling-2.jpg\" class=\"sow-slider-foreground-image\" alt=\"\" style=\"\" srcset=\"https:\/\/cla.unical.it\/wp-content\/uploads\/2020\/12\/cubo-25c_14580396646_o.jpg__1024x1024_q85_subsampling-2.jpg 1024w, https:\/\/cla.unical.it\/wp-content\/uploads\/2020\/12\/cubo-25c_14580396646_o.jpg__1024x1024_q85_subsampling-2-300x199.jpg 300w, https:\/\/cla.unical.it\/wp-content\/uploads\/2020\/12\/cubo-25c_14580396646_o.jpg__1024x1024_q85_subsampling-2-768x510.jpg 768w, https:\/\/cla.unical.it\/wp-content\/uploads\/2020\/12\/cubo-25c_14580396646_o.jpg__1024x1024_q85_subsampling-2-272x182.jpg 272w\" sizes=\"auto, (max-width: 1024px) 100vw, 1024px\" \/>\t\t\t\t\t<\/div>\n\t\t\t\t\t\t\t\t\t<\/div>\n\t\t\t<\/div>\n\t\t\t\t\t<\/li>\n\t\t\t\t<li class=\"sow-slider-image\" style=\"visibility: hidden;\" >\n\t\t\t\t\t\t<div class=\"sow-slider-image-container\">\n\t\t\t\t<div class=\"sow-slider-image-wrapper\" style=\"max-width: 1024px\">\n\t\t\t\t\t\t\t\t\t\t<div class=\"sow-slider-image-foreground-wrapper\">\n\t\t\t\t\t\t<img loading=\"lazy\" decoding=\"async\" width=\"1024\" height=\"680\" src=\"https:\/\/cla.unical.it\/wp-content\/uploads\/2020\/12\/cubo-25c_14416834009_o.jpg__1024x1024_q85_subsampling-2.jpg\" class=\"sow-slider-foreground-image\" alt=\"\" style=\"\" srcset=\"https:\/\/cla.unical.it\/wp-content\/uploads\/2020\/12\/cubo-25c_14416834009_o.jpg__1024x1024_q85_subsampling-2.jpg 1024w, https:\/\/cla.unical.it\/wp-content\/uploads\/2020\/12\/cubo-25c_14416834009_o.jpg__1024x1024_q85_subsampling-2-300x199.jpg 300w, https:\/\/cla.unical.it\/wp-content\/uploads\/2020\/12\/cubo-25c_14416834009_o.jpg__1024x1024_q85_subsampling-2-768x510.jpg 768w, https:\/\/cla.unical.it\/wp-content\/uploads\/2020\/12\/cubo-25c_14416834009_o.jpg__1024x1024_q85_subsampling-2-272x182.jpg 272w\" sizes=\"auto, (max-width: 1024px) 100vw, 1024px\" \/>\t\t\t\t\t<\/div>\n\t\t\t\t\t\t\t\t\t<\/div>\n\t\t\t<\/div>\n\t\t\t\t\t<\/li>\n\t\t\t\t<li class=\"sow-slider-image\" style=\"visibility: hidden;\" >\n\t\t\t\t\t\t<div class=\"sow-slider-image-container\">\n\t\t\t\t<div class=\"sow-slider-image-wrapper\" style=\"max-width: 1024px\">\n\t\t\t\t\t\t\t\t\t\t<div class=\"sow-slider-image-foreground-wrapper\">\n\t\t\t\t\t\t<img loading=\"lazy\" decoding=\"async\" width=\"1024\" height=\"693\" src=\"https:\/\/cla.unical.it\/wp-content\/uploads\/2020\/12\/100_2313_7448439992_o.jpg__1024x1024_q85_subsampling-2.jpg\" class=\"sow-slider-foreground-image\" alt=\"\" style=\"\" srcset=\"https:\/\/cla.unical.it\/wp-content\/uploads\/2020\/12\/100_2313_7448439992_o.jpg__1024x1024_q85_subsampling-2.jpg 1024w, https:\/\/cla.unical.it\/wp-content\/uploads\/2020\/12\/100_2313_7448439992_o.jpg__1024x1024_q85_subsampling-2-300x203.jpg 300w, https:\/\/cla.unical.it\/wp-content\/uploads\/2020\/12\/100_2313_7448439992_o.jpg__1024x1024_q85_subsampling-2-768x520.jpg 768w\" sizes=\"auto, (max-width: 1024px) 100vw, 1024px\" \/>\t\t\t\t\t<\/div>\n\t\t\t\t\t\t\t\t\t<\/div>\n\t\t\t<\/div>\n\t\t\t\t\t<\/li>\n\t\t\t\t<li class=\"sow-slider-image\" style=\"visibility: hidden;\" >\n\t\t\t\t\t\t<div class=\"sow-slider-image-container\">\n\t\t\t\t<div class=\"sow-slider-image-wrapper\" style=\"max-width: 1024px\">\n\t\t\t\t\t\t\t\t\t\t<div class=\"sow-slider-image-foreground-wrapper\">\n\t\t\t\t\t\t<img loading=\"lazy\" decoding=\"async\" width=\"1024\" height=\"768\" src=\"https:\/\/cla.unical.it\/wp-content\/uploads\/2020\/12\/100_2310_7448439500_o.jpg__1024x1024_q85_subsampling-2.jpg\" class=\"sow-slider-foreground-image\" alt=\"\" style=\"\" srcset=\"https:\/\/cla.unical.it\/wp-content\/uploads\/2020\/12\/100_2310_7448439500_o.jpg__1024x1024_q85_subsampling-2.jpg 1024w, https:\/\/cla.unical.it\/wp-content\/uploads\/2020\/12\/100_2310_7448439500_o.jpg__1024x1024_q85_subsampling-2-300x225.jpg 300w, https:\/\/cla.unical.it\/wp-content\/uploads\/2020\/12\/100_2310_7448439500_o.jpg__1024x1024_q85_subsampling-2-768x576.jpg 768w, https:\/\/cla.unical.it\/wp-content\/uploads\/2020\/12\/100_2310_7448439500_o.jpg__1024x1024_q85_subsampling-2-640x480.jpg 640w\" sizes=\"auto, (max-width: 1024px) 100vw, 1024px\" \/>\t\t\t\t\t<\/div>\n\t\t\t\t\t\t\t\t\t<\/div>\n\t\t\t<\/div>\n\t\t\t\t\t<\/li>\n\t\t<\/ul>\t\t\t\t<ol class=\"sow-slider-pagination\">\n\t\t\t\t\t\t\t\t\t\t\t<li><a href=\"#\" data-goto=\"0\" aria-label=\"Display slide 1\"><\/a><\/li>\n\t\t\t\t\t\t\t\t\t\t\t<li><a href=\"#\" data-goto=\"1\" aria-label=\"Display slide 2\"><\/a><\/li>\n\t\t\t\t\t\t\t\t\t\t\t<li><a href=\"#\" data-goto=\"2\" aria-label=\"Display slide 3\"><\/a><\/li>\n\t\t\t\t\t\t\t\t\t\t\t<li><a href=\"#\" data-goto=\"3\" aria-label=\"Display slide 4\"><\/a><\/li>\n\t\t\t\t\t\t\t\t\t\t\t<li><a href=\"#\" data-goto=\"4\" aria-label=\"Display slide 5\"><\/a><\/li>\n\t\t\t\t\t\t\t\t\t<\/ol>\n\n\t\t\t\t<div class=\"sow-slide-nav sow-slide-nav-next\">\n\t\t\t\t\t<a href=\"#\" data-goto=\"next\" aria-label=\"Next slide\" data-action=\"next\">\n\t\t\t\t\t\t<em class=\"sow-sld-icon-thin-rounded-right\"><\/em>\n\t\t\t\t\t<\/a>\n\t\t\t\t<\/div>\n\n\t\t\t\t<div class=\"sow-slide-nav sow-slide-nav-prev\">\n\t\t\t\t\t<a href=\"#\" data-goto=\"previous\" aria-label=\"Previous slide\" data-action=\"prev\">\n\t\t\t\t\t\t<em class=\"sow-sld-icon-thin-rounded-left\"><\/em>\n\t\t\t\t\t<\/a>\n\t\t\t\t<\/div>\n\t\t\t\t<\/div><\/div><\/div><\/div><\/div><\/div><\/div>","protected":false},"excerpt":{"rendered":"<p>Il Centro per i servizi Linguistici di Ateneo (CLA), realt\u00e0 viva e pulsante del Campus,\u00a0 \u00e8 capace di abbracciare e rispondere alle esigenze degli studenti, del personale docente, amministrativo e tecnico dell\u2019UniCal, cos\u00ec come \u00e8 anche fortemente rivolto al territorio. Tante le azioni positive svolte, istituzionali e non, che hanno variegato la storia di un [&hellip;]<\/p>\n","protected":false},"author":1,"featured_media":0,"parent":0,"menu_order":0,"comment_status":"closed","ping_status":"closed","template":"page-nosidebar.php","meta":{"footnotes":""},"class_list":["post-126","page","type-page","status-publish","hentry","entry"],"_links":{"self":[{"href":"https:\/\/cla.unical.it\/en\/wp-json\/wp\/v2\/pages\/126","targetHints":{"allow":["GET"]}}],"collection":[{"href":"https:\/\/cla.unical.it\/en\/wp-json\/wp\/v2\/pages"}],"about":[{"href":"https:\/\/cla.unical.it\/en\/wp-json\/wp\/v2\/types\/page"}],"author":[{"embeddable":true,"href":"https:\/\/cla.unical.it\/en\/wp-json\/wp\/v2\/users\/1"}],"replies":[{"embeddable":true,"href":"https:\/\/cla.unical.it\/en\/wp-json\/wp\/v2\/comments?post=126"}],"version-history":[{"count":112,"href":"https:\/\/cla.unical.it\/en\/wp-json\/wp\/v2\/pages\/126\/revisions"}],"predecessor-version":[{"id":8253,"href":"https:\/\/cla.unical.it\/en\/wp-json\/wp\/v2\/pages\/126\/revisions\/8253"}],"wp:attachment":[{"href":"https:\/\/cla.unical.it\/en\/wp-json\/wp\/v2\/media?parent=126"}],"curies":[{"name":"wp","href":"https:\/\/api.w.org\/{rel}","templated":true}]}}