{"id":969,"date":"2020-12-23T12:19:57","date_gmt":"2020-12-23T11:19:57","guid":{"rendered":"http:\/\/cla.unical.it\/?page_id=969"},"modified":"2025-05-06T13:15:53","modified_gmt":"2025-05-06T11:15:53","slug":"certificazioni-internazionali-riconosciute","status":"publish","type":"page","link":"https:\/\/cla.unical.it\/en\/servizi-linguistici\/offerta-linguistica-di-ateneo\/certificazioni-internazionali-riconosciute\/","title":{"rendered":"Certificazioni Internazionali Riconosciute"},"content":{"rendered":"<div id=\"pl-969\"  class=\"panel-layout\" ><div id=\"pg-969-0\"  class=\"panel-grid panel-has-style\" ><div class=\"siteorigin-panels-stretch panel-row-style panel-row-style-for-969-0\" data-stretch-type=\"full\" ><div id=\"pgc-969-0-0\"  class=\"panel-grid-cell\" ><div id=\"panel-969-0-0-0\" class=\"so-panel widget widget_sow-editor panel-first-child\" data-index=\"0\" ><div\n\t\t\t\n\t\t\tclass=\"so-widget-sow-editor so-widget-sow-editor-base\"\n\t\t\t\n\t\t>\n<div class=\"siteorigin-widget-tinymce textwidget\">\n\t<p>Le <strong>certificazioni in Lingua Inglese<\/strong>, elencate nella Tabella seguente, sono riconosciute dal Centro Linguistico di Ateneo* nell'ambito dell'Offerta Linguistico di Ateneo OLA. La selezione delle certificazioni \u00e8 stata effettuata dal Team Advisor del CLA ed \u00e8 basata sulla <strong>coerenza di tali certificazioni con le esigenze linguistico-accademiche e gli obiettivi che sono richiesti dai Corsi di Studio agli studenti e alle studentesse di Ateneo<\/strong>.<\/p>\n<p><span style=\"text-decoration: underline;\"><strong>Le certificazioni devono essere conseguite nei quattro anni precedenti alla data di presentazione e la richiesta di riconoscimento deve essere inoltrata dallo studente tramite <a href=\"http:\/\/ticket.unical.it\/tickets\/new\/cla\/parere-certificazioni-internazionali-in-lingua-inglese\/\" target=\"_blank\" rel=\"noopener\">Uniticket<\/a>. (NB. allegare il fronte e il retro della certificazione)<\/strong><\/span><\/p>\n<p>Le studentesse e gli studenti che possiedono certificazioni <strong>con livello B1<\/strong>, sono esonerati dalla frequenza alle attivit\u00e0 OLA, ma <strong><span style=\"text-decoration: underline;\">devono sostenere la Prova di Livello finale<\/span><\/strong>.<\/p>\n<p>Le studentesse e gli studenti che possiedono certificazioni\u00a0con livello <strong>superiore al B1<\/strong>, <span style=\"text-decoration: underline;\">sono esonerati<\/span> dalla Prova di Livello finale.<\/p>\n<p>La referente del servizio \u00e8 la dott.ssa <strong>Cinzia Clarizia<\/strong><\/p>\n<p>La tabella \u00e8 soggetta ad aggiornamenti.<\/p>\n<table style=\"border-collapse: collapse; width: 100%;\" border=\"1\">\n<tbody>\n<tr>\n<td style=\"width: 50%; text-align: center;\"><strong>CERTIFICAZIONE*<\/strong><\/td>\n<td style=\"width: 50%; text-align: center;\"><strong>Livello<\/strong><\/td>\n<\/tr>\n<tr>\n<td style=\"width: 50%; text-align: center;\">Cambridge English<\/td>\n<td style=\"width: 50%; text-align: center;\">B1 (PET)<\/p>\n<p>B1\/B2\/C1 (BEC)<\/p>\n<p>B2 (FCE)<\/p>\n<p>C1 (CAE)<\/p>\n<p>C2 (CPE)<\/p>\n<\/td>\n<\/tr>\n<tr>\n<td style=\"width: 50%; text-align: center;\">IELTS\u00a0\u201cAcademic\u201d<\/p>\n<p>International English Language Testing System*<\/p>\n<\/td>\n<td style=\"width: 50%; text-align: center;\">B1 (4.0-5.5)<\/p>\n<p>B2 (5.5-7.0)<\/p>\n<p>C1 (7.0-8.0)<\/p>\n<p>C2 (8.0-9.0)<\/p>\n<\/td>\n<\/tr>\n<tr>\n<td style=\"width: 50%; text-align: center;\">Trinity College London<\/td>\n<td style=\"width: 50%; text-align: center;\">ISE 1(B1)<br \/>\nISE 2 (B2)<br \/>\nISE 3 (C1)<\/td>\n<\/tr>\n<tr>\n<td style=\"width: 50%; text-align: center;\">TOEFL Internet-based (iBT)<\/td>\n<td style=\"width: 50%; text-align: center;\">B1 (57-86)<\/p>\n<p>B2 (87-109)<\/p>\n<p>C1 (110-120)<\/p>\n<\/td>\n<\/tr>\n<tr>\n<td style=\"width: 50%; text-align: center;\">TOEFL PBT Paper-Based Test (PBT)<\/td>\n<td style=\"width: 50%; text-align: center;\">A partire dal punteggio 513<\/td>\n<\/tr>\n<tr>\n<td style=\"width: 50%; text-align: center;\">PTE Pearson<\/td>\n<td style=\"width: 50%; text-align: center;\">Test of English Academic<\/td>\n<\/tr>\n<tr>\n<td style=\"width: 50%; text-align: center;\">Pearson Edexcel Test of English Academic (PTE Academic)<\/td>\n<td style=\"width: 50%; text-align: center;\">A partire dal punteggio GSE 50<\/td>\n<\/tr>\n<tr>\n<td style=\"width: 50%; text-align: center;\">Pearson General English<\/td>\n<td style=\"width: 50%; text-align: center;\">B1, B2, C1, C2<\/td>\n<\/tr>\n<tr>\n<td style=\"width: 50%; text-align: center;\">Oxford Test of English<\/td>\n<td style=\"width: 50%; text-align: center;\">B1, B2<\/td>\n<\/tr>\n<tr>\n<td style=\"width: 50%; text-align: center;\">Oxford Test of English\u00a0Advanced<\/td>\n<td style=\"width: 50%; text-align: center;\">B2, C1<\/td>\n<\/tr>\n<\/tbody>\n<\/table>\n<hr \/>\n<div id=\":1bq\" class=\"Ar Au Ao\">\n<div id=\":1c5\" class=\"Am Al editable LW-avf tS-tW tS-tY\" tabindex=\"1\" role=\"textbox\" contenteditable=\"true\" spellcheck=\"false\" aria-label=\"Corpo del messaggio\" aria-multiline=\"true\"><\/div>\n<\/div>\n<h5 style=\"text-align: justify;\">* Il CLA si riserva di modificare la lista degli Enti Certificatori riconosciuti sulla base della continuit\u00e0 nella qualit\u00e0 dimostrata dall'ente certificatore. Inoltre, si riserva l'opportunit\u00e0 di convocare per un colloquio gli studenti che presentano la richiesta di riconoscimento di un certificato.<\/h5>\n<\/div>\n<\/div><\/div><div id=\"panel-969-0-0-1\" class=\"so-panel widget widget_sow-editor panel-last-child\" data-index=\"1\" ><div\n\t\t\t\n\t\t\tclass=\"so-widget-sow-editor so-widget-sow-editor-base\"\n\t\t\t\n\t\t>\n<div class=\"siteorigin-widget-tinymce textwidget\">\n\t<p><strong>Le richieste dovranno essere inviate esclusivamente nei periodi sotto indicati<\/strong><\/p>\n<ul>\n<li><em>1 settembre - 31 ottobre<\/em><\/li>\n<\/ul>\n<p>(il parere del CLA sar\u00e0 trasmesso ai Dipartimenti entro met\u00e0 novembre)<\/p>\n<ul>\n<li><em>1 febbraio - 31 marzo<\/em><\/li>\n<\/ul>\n<p>(il parere del CLA sar\u00e0 trasmesso ai Dipartimenti entro met\u00e0 aprile)<\/p>\n<ul>\n<li><em>1 giugno - 30 giugno<\/em><\/li>\n<\/ul>\n<p>(il parere del CLA sar\u00e0 trasmesso ai Dipartimenti entro met\u00e0 luglio)<\/p>\n<\/div>\n<\/div><\/div><\/div><\/div><\/div><\/div>","protected":false},"excerpt":{"rendered":"<p>Le certificazioni in Lingua Inglese, elencate nella Tabella seguente, sono riconosciute dal Centro Linguistico di Ateneo* nell&#8217;ambito dell&#8217;Offerta Linguistico di Ateneo OLA. La selezione delle certificazioni \u00e8 stata effettuata dal Team Advisor del CLA ed \u00e8 basata sulla coerenza di tali certificazioni con le esigenze linguistico-accademiche e gli obiettivi che sono richiesti dai Corsi di [&hellip;]<\/p>\n","protected":false},"author":1,"featured_media":0,"parent":476,"menu_order":0,"comment_status":"closed","ping_status":"closed","template":"page-nosidebar.php","meta":{"footnotes":""},"class_list":["post-969","page","type-page","status-publish","hentry","entry"],"_links":{"self":[{"href":"https:\/\/cla.unical.it\/en\/wp-json\/wp\/v2\/pages\/969","targetHints":{"allow":["GET"]}}],"collection":[{"href":"https:\/\/cla.unical.it\/en\/wp-json\/wp\/v2\/pages"}],"about":[{"href":"https:\/\/cla.unical.it\/en\/wp-json\/wp\/v2\/types\/page"}],"author":[{"embeddable":true,"href":"https:\/\/cla.unical.it\/en\/wp-json\/wp\/v2\/users\/1"}],"replies":[{"embeddable":true,"href":"https:\/\/cla.unical.it\/en\/wp-json\/wp\/v2\/comments?post=969"}],"version-history":[{"count":43,"href":"https:\/\/cla.unical.it\/en\/wp-json\/wp\/v2\/pages\/969\/revisions"}],"predecessor-version":[{"id":8206,"href":"https:\/\/cla.unical.it\/en\/wp-json\/wp\/v2\/pages\/969\/revisions\/8206"}],"up":[{"embeddable":true,"href":"https:\/\/cla.unical.it\/en\/wp-json\/wp\/v2\/pages\/476"}],"wp:attachment":[{"href":"https:\/\/cla.unical.it\/en\/wp-json\/wp\/v2\/media?parent=969"}],"curies":[{"name":"wp","href":"https:\/\/api.w.org\/{rel}","templated":true}]}}