{"id":1676,"date":"2021-05-24T16:36:34","date_gmt":"2021-05-24T14:36:34","guid":{"rendered":"https:\/\/cla.unical.it\/?page_id=1676"},"modified":"2024-01-29T13:29:07","modified_gmt":"2024-01-29T12:29:07","slug":"accessibilita","status":"publish","type":"page","link":"https:\/\/cla.unical.it\/fr\/accessibilita\/","title":{"rendered":"Accessibilit\u00e0"},"content":{"rendered":"<div id=\"pl-1676\"  class=\"panel-layout\" ><div id=\"pg-1676-0\"  class=\"panel-grid panel-has-style\" ><div class=\"siteorigin-panels-stretch panel-row-style panel-row-style-for-1676-0\" data-stretch-type=\"full-width-stretch\" ><div id=\"pgc-1676-0-0\"  class=\"panel-grid-cell\" ><div id=\"panel-1676-0-0-0\" class=\"so-panel widget widget_sow-headline panel-first-child panel-last-child\" data-index=\"0\" ><div\n\t\t\t\n\t\t\tclass=\"so-widget-sow-headline so-widget-sow-headline-default-ea0af4cf39ae-1676\"\n\t\t\t\n\t\t><div class=\"sow-headline-container \">\n\t\t\t\t\t\t\t<h1 class=\"sow-headline\">\n\t\t\t\t\t\tAccessibilit\u00e0\t\t\t\t\t\t<\/h1>\n\t\t\t\t\t\t\t\t\t\t\t<div class=\"decoration\">\n\t\t\t\t\t\t<div class=\"decoration-inside\"><\/div>\n\t\t\t\t\t<\/div>\n\t\t\t\t\t\t\t\t\t\t\t<h3 class=\"sow-sub-headline\">\n\t\t\t\t\t\tL\u2019accessibilit\u00e0 dei sistemi informatici e, in particolare, dei siti web \u00e8 definita come la capacit\u00e0 di erogare servizi e permettere la fruizione di informazioni senza discriminazioni, anche da parte di coloro anche da parte di coloro che a causa di disabilit\u00e0 necessitano di tecnologie assistive o configurazioni particolari, ovviamente nelle forme e nei limiti consentiti dalle conoscenze tecnologiche. Un sito web accessibile deve dunque permettere a un utente di usufruire dei servizi, delle informazioni testuali e multimediali e dei documenti pubblicati, indipendentemente dal dispositivo e dal browser utilizzato.\t\t\t\t\t\t<\/h3>\n\t\t\t\t\t\t<\/div>\n<\/div><\/div><\/div><\/div><\/div><div id=\"pg-1676-1\"  class=\"panel-grid panel-no-style\" ><div id=\"pgc-1676-1-0\"  class=\"panel-grid-cell\" ><div id=\"panel-1676-1-0-0\" class=\"so-panel widget widget_sow-editor panel-first-child panel-last-child\" data-index=\"1\" ><div\n\t\t\t\n\t\t\tclass=\"so-widget-sow-editor so-widget-sow-editor-base\"\n\t\t\t\n\t\t>\n<div class=\"siteorigin-widget-tinymce textwidget\">\n\t<h2 style=\"font-weight: 500;\">Obiettivi di accessibilit\u00e0<\/h2>\n<p style=\"font-weight: 400;\"><a href=\"https:\/\/accessibilita.agid.gov.it\/obiettivi-accessibilita\/2021\/universita-della-calabria\/123831\" target=\"_blank\" rel=\"noopener\">Obiettivi di accessibilit\u00e0 per il 2024<\/a><\/p>\n<h2 style=\"font-weight: 500;\">Accessibilit\u00e0 del sito CLA<\/h2>\n<p style=\"font-weight: 400;\">Il portale \u00e8 soggetto a continui aggiornamenti e integrazioni ed \u00e8 possibile che alcuni contenuti risultino inaccessibili nonostante le verifiche realizzate periodicamente (di seguito sono disponibili i risultati delle ultime rilevazioni).<\/p>\n<p style=\"font-weight: 400;\">La dichiarazione di accessibilit\u00e0,\u00a0<a href=\"https:\/\/form.agid.gov.it\/view\/0e975011-0a7f-404f-95cd-5268e917e04b\/\">consultabile on-line<\/a>, richiama il lavoro di riprogettazione dell\u2019intero portale che, avviato nel secondo semestre del 2020, sar\u00e0 completato nel 2021, in piena conformit\u00e0 alle linee guida AGID per l\u2019accessibilit\u00e0.<\/p>\n<h2 style=\"font-weight: 500;\">Segnalazioni sull\u2019accessibilit\u00e0 web<\/h2>\n<p style=\"font-weight: 400;\">Ti invitiamo a segnalare i casi di mancata conformit\u00e0 ai requisiti di accessibilit\u00e0 o a richiedere informazioni e contenuti che non siano diversamente accessibili all\u2019indirizzo email\u00a0<a href=\"mailto:accessibilitaweb@unical.it\">accessibilitaweb@unical.it<\/a><\/p>\n<\/div>\n<\/div><\/div><\/div><\/div><\/div>","protected":false},"excerpt":{"rendered":"<p>Obiettivi di accessibilit\u00e0 Obiettivi di accessibilit\u00e0 per il 2024 Accessibilit\u00e0 del sito CLA Il portale \u00e8 soggetto a continui aggiornamenti e integrazioni ed \u00e8 possibile che alcuni contenuti risultino inaccessibili nonostante le verifiche realizzate periodicamente (di seguito sono disponibili i risultati delle ultime rilevazioni). La dichiarazione di accessibilit\u00e0,\u00a0consultabile on-line, richiama il lavoro di riprogettazione dell\u2019intero [&hellip;]<\/p>\n","protected":false},"author":1,"featured_media":0,"parent":0,"menu_order":0,"comment_status":"closed","ping_status":"closed","template":"home.php","meta":{"footnotes":""},"class_list":["post-1676","page","type-page","status-publish","hentry","entry"],"_links":{"self":[{"href":"https:\/\/cla.unical.it\/fr\/wp-json\/wp\/v2\/pages\/1676","targetHints":{"allow":["GET"]}}],"collection":[{"href":"https:\/\/cla.unical.it\/fr\/wp-json\/wp\/v2\/pages"}],"about":[{"href":"https:\/\/cla.unical.it\/fr\/wp-json\/wp\/v2\/types\/page"}],"author":[{"embeddable":true,"href":"https:\/\/cla.unical.it\/fr\/wp-json\/wp\/v2\/users\/1"}],"replies":[{"embeddable":true,"href":"https:\/\/cla.unical.it\/fr\/wp-json\/wp\/v2\/comments?post=1676"}],"version-history":[{"count":12,"href":"https:\/\/cla.unical.it\/fr\/wp-json\/wp\/v2\/pages\/1676\/revisions"}],"predecessor-version":[{"id":6270,"href":"https:\/\/cla.unical.it\/fr\/wp-json\/wp\/v2\/pages\/1676\/revisions\/6270"}],"wp:attachment":[{"href":"https:\/\/cla.unical.it\/fr\/wp-json\/wp\/v2\/media?parent=1676"}],"curies":[{"name":"wp","href":"https:\/\/api.w.org\/{rel}","templated":true}]}}