{"id":3784,"date":"2022-09-26T16:42:51","date_gmt":"2022-09-26T14:42:51","guid":{"rendered":"https:\/\/cla.unical.it\/?page_id=3784"},"modified":"2025-09-24T10:31:21","modified_gmt":"2025-09-24T08:31:21","slug":"seminario-di-studi-25-anni-insieme-tra-cla-e-aiclu-riflessioni-su-un-percorso-didattico-e-di-ricerca-multilinguistica-e-interculturale","status":"publish","type":"page","link":"https:\/\/cla.unical.it\/fr\/seminario-di-studi-25-anni-insieme-tra-cla-e-aiclu-riflessioni-su-un-percorso-didattico-e-di-ricerca-multilinguistica-e-interculturale\/","title":{"rendered":"Seminario di Studi - 25 anni insieme tra CLA e AICLU: riflessioni su un percorso didattico e di ricerca multilinguistica e interculturale"},"content":{"rendered":"<div id=\"pl-3784\"  class=\"panel-layout\" ><div id=\"pg-3784-0\"  class=\"panel-grid panel-has-style\" ><div class=\"siteorigin-panels-stretch panel-row-style panel-row-style-for-3784-0\" data-stretch-type=\"full\" ><div id=\"pgc-3784-0-0\"  class=\"panel-grid-cell\" ><div id=\"panel-3784-0-0-0\" class=\"so-panel widget widget_sow-editor panel-first-child panel-last-child\" data-index=\"0\" ><div\n\t\t\t\n\t\t\tclass=\"so-widget-sow-editor so-widget-sow-editor-base\"\n\t\t\t\n\t\t>\n<div class=\"siteorigin-widget-tinymce textwidget\">\n\t<p><img loading=\"lazy\" decoding=\"async\" class=\"size-medium wp-image-3764 alignright\" src=\"https:\/\/cla.unical.it\/wp-content\/uploads\/2022\/09\/cropped-logo-25-1-300x300.png\" alt=\"\" width=\"300\" height=\"300\" srcset=\"https:\/\/cla.unical.it\/wp-content\/uploads\/2022\/09\/cropped-logo-25-1-300x300.png 300w, https:\/\/cla.unical.it\/wp-content\/uploads\/2022\/09\/cropped-logo-25-1-150x150.png 150w, https:\/\/cla.unical.it\/wp-content\/uploads\/2022\/09\/cropped-logo-25-1.png 512w\" sizes=\"auto, (max-width: 300px) 100vw, 300px\" \/><\/p>\n<div class=\"gmail_default\"><\/div>\n<\/div>\n<\/div><\/div><\/div><\/div><\/div><div id=\"pg-3784-1\"  class=\"panel-grid panel-has-style\" ><div class=\"panel-row-style panel-row-style-for-3784-1\" ><div id=\"pgc-3784-1-0\"  class=\"panel-grid-cell\" ><div id=\"panel-3784-1-0-0\" class=\"so-panel widget widget_sow-editor panel-first-child panel-last-child\" data-index=\"1\" ><div\n\t\t\t\n\t\t\tclass=\"so-widget-sow-editor so-widget-sow-editor-base\"\n\t\t\t\n\t\t><h3 class=\"widget-title\">Portfolio 25 anni di CLA<\/h3>\n<div class=\"siteorigin-widget-tinymce textwidget\">\n\t<p><iframe loading=\"lazy\" title=\"YouTube video player\" src=\"https:\/\/www.youtube.com\/embed\/F-RXAIpds7Q\" width=\"560\" height=\"315\" frameborder=\"0\" allowfullscreen=\"allowfullscreen\"><\/iframe><\/p>\n<\/div>\n<\/div><\/div><\/div><div id=\"pgc-3784-1-1\"  class=\"panel-grid-cell\" ><div id=\"panel-3784-1-1-0\" class=\"so-panel widget widget_sow-editor panel-first-child panel-last-child\" data-index=\"2\" ><div\n\t\t\t\n\t\t\tclass=\"so-widget-sow-editor so-widget-sow-editor-base\"\n\t\t\t\n\t\t><h3 class=\"widget-title\">25 anni di CLA - Greetings<\/h3>\n<div class=\"siteorigin-widget-tinymce textwidget\">\n\t<p><iframe loading=\"lazy\" title=\"YouTube video player\" src=\"https:\/\/www.youtube.com\/embed\/qW1G72jJ_I0\" width=\"560\" height=\"315\" frameborder=\"0\" allowfullscreen=\"allowfullscreen\"><\/iframe><\/p>\n<\/div>\n<\/div><\/div><\/div><\/div><\/div><div id=\"pg-3784-2\"  class=\"panel-grid panel-no-style\" ><div id=\"pgc-3784-2-0\"  class=\"panel-grid-cell\" ><div id=\"panel-3784-2-0-0\" class=\"so-panel widget widget_sow-editor panel-first-child panel-last-child\" data-index=\"3\" ><div\n\t\t\t\n\t\t\tclass=\"so-widget-sow-editor so-widget-sow-editor-base\"\n\t\t\t\n\t\t><h3 class=\"widget-title\">Foto del Seminario<\/h3>\n<div class=\"siteorigin-widget-tinymce textwidget\">\n\t<!-- publicalbum.org -->\n<div class=\"pa-gallery-player-widget\" style=\"display:none;width:100%;height:480px;\" data-link=\"https:\/\/photos.app.goo.gl\/rUHHexbgqTJneWTe7\" data-found=\"1\" data-title=\"Seminario 25 anni di CLA \u00b7 Thursday, Oct 20, 2022 \ud83d\udcf8\"><object data=\"https:\/\/lh3.googleusercontent.com\/pw\/AP1GczNfWMT-q34LUVoST3zj0hA7xEVntLDYj9PhjBp4Or2N7DRhsOdiOE3_Gmccy19ov3AiCQ3UK_CID5iZH-9UpF0oJqHQ_kizLiTVPajq-irf8XL5135M=w1920-h1080\"><\/object><\/div>\n\n<\/div>\n<\/div><\/div><\/div><\/div><div id=\"pg-3784-3\"  class=\"panel-grid panel-no-style\" ><div id=\"pgc-3784-3-0\"  class=\"panel-grid-cell\" ><div id=\"panel-3784-3-0-0\" class=\"so-panel widget widget_sow-editor panel-first-child\" data-index=\"4\" ><div\n\t\t\t\n\t\t\tclass=\"so-widget-sow-editor so-widget-sow-editor-base\"\n\t\t\t\n\t\t><h3 class=\"widget-title\">Tema Seminario<\/h3>\n<div class=\"siteorigin-widget-tinymce textwidget\">\n\t<p><a href=\"https:\/\/cla.unical.it\/wp-content\/uploads\/2022\/09\/Invito-al-Seminario-di-Studi-25-anni-insieme-tra-CLA-e-AICLU_UniCal-2022-1.pdf\" target=\"_blank\" rel=\"noopener\">Invito al Seminario di Studi 25 anni insieme tra CLA e AICLU_UniCal 2022\u00a0<\/a><\/p>\n<hr \/>\n<h3><\/h3>\n<div class=\"gmail_default\"><\/div>\n<div>\n<hr \/>\n<\/div>\n<\/div>\n<\/div><\/div><div id=\"panel-3784-3-0-1\" class=\"so-panel widget widget_sow-button panel-last-child\" data-index=\"5\" ><div\n\t\t\t\n\t\t\tclass=\"so-widget-sow-button so-widget-sow-button-flat-4372693b3015-3784\"\n\t\t\t\n\t\t><div class=\"ow-button-base ow-button-align-center\"\n>\n\t\t\t<a\n\t\t\t\t\thref=\"http:\/\/old.cla.unical.it\/media\/filer_public\/b9\/26\/b92650e4-2c5d-4f90-8515-7a1f58d6b60a\/scheda_di_partecipazione_seminario_di_studi_25_anni_insieme_tra_cla_e_aiclu_unical_2022_scheda_di_partecipazione.docx\"\n\t\t\t\t\tclass=\"sowb-button ow-icon-placement-left ow-button-hover\" download=\"\" \t>\n\t\t<span>\n\t\t\t<span class=\"sow-icon-fontawesome sow-far\" data-sow-icon=\"&#xf274;\"\n\t\tstyle=\"\" \n\t\taria-hidden=\"true\"><\/span>\n\t\t\tScheda di Partecipazione\t\t<\/span>\n\t\t\t<\/a>\n\t<\/div>\n<\/div><\/div><\/div><\/div><div id=\"pg-3784-4\"  class=\"panel-grid panel-no-style\" ><div id=\"pgc-3784-4-0\"  class=\"panel-grid-cell\" ><div id=\"panel-3784-4-0-0\" class=\"so-panel widget widget_sow-accordion panel-first-child\" data-index=\"6\" ><div\n\t\t\t\n\t\t\tclass=\"so-widget-sow-accordion so-widget-sow-accordion-default-5674beebb4fa-3784\"\n\t\t\t\n\t\t><h3 class=\"widget-title\">Informazioni<\/h3><div>\n\t<div class=\"sow-accordion\">\n\t\t\t<div class=\"sow-accordion-panel\n\t\t\t\t\t\"\n\t\t\t\tdata-anchor-id=\"brochure-del-seminario\">\n\t\t\t\t\t<div class=\"sow-accordion-panel-header-container\" role=\"heading\" aria-level=\"2\">\n\t\t\t\t\t<div class=\"sow-accordion-panel-header\" tabindex=\"0\" role=\"button\" id=\"accordion-label-brochure-del-seminario\" aria-controls=\"accordion-content-brochure-del-seminario\" aria-expanded=\"false\">\n\t\t\t\t\t\t<div class=\"sow-accordion-title sow-accordion-title-icon-left\">\n\t\t\t\t\t\t\t\t\t\t\t\t\t\tBrochure del Seminario\t\t\t\t\t\t\t\t\t\t\t\t\t<\/div>\n\t\t\t\t\t\t<div class=\"sow-accordion-open-close-button\">\n\t\t\t\t\t\t\t<div class=\"sow-accordion-open-button\">\n\t\t\t\t\t\t\t\t<span class=\"sow-icon-ionicons\" data-sow-icon=\"&#xf218;\"\n\t\t \n\t\taria-hidden=\"true\"><\/span>\t\t\t\t\t\t\t<\/div>\n\t\t\t\t\t\t\t<div class=\"sow-accordion-close-button\">\n\t\t\t\t\t\t\t\t<span class=\"sow-icon-ionicons\" data-sow-icon=\"&#xf209;\"\n\t\t \n\t\taria-hidden=\"true\"><\/span>\t\t\t\t\t\t\t<\/div>\n\t\t\t\t\t\t<\/div>\n\t\t\t\t\t<\/div>\n\t\t\t\t<\/div>\n\n\t\t\t<div\n\t\t\t\tclass=\"sow-accordion-panel-content\"\n\t\t\t\trole=\"region\"\n\t\t\t\taria-labelledby=\"accordion-label-brochure-del-seminario\"\n\t\t\t\tid=\"accordion-content-brochure-del-seminario\"\n\t\t\t\tstyle=\"display: none;\"\t\t\t>\n\t\t\t\t<div class=\"sow-accordion-panel-border\">\n\t\t\t\t\t<p><a href=\"https:\/\/cla.unical.it\/wp-content\/uploads\/2022\/10\/BROCHURE.pdf\" target=\"_blank\" rel=\"noopener\">Brochure<\/a><\/p>\n\t\t\t\t<\/div>\n\t\t\t<\/div>\n\t\t<\/div>\n\t\t\t<div class=\"sow-accordion-panel\n\t\t\t\t\t\"\n\t\t\t\tdata-anchor-id=\"programma-seminario\">\n\t\t\t\t\t<div class=\"sow-accordion-panel-header-container\" role=\"heading\" aria-level=\"2\">\n\t\t\t\t\t<div class=\"sow-accordion-panel-header\" tabindex=\"0\" role=\"button\" id=\"accordion-label-programma-seminario\" aria-controls=\"accordion-content-programma-seminario\" aria-expanded=\"false\">\n\t\t\t\t\t\t<div class=\"sow-accordion-title sow-accordion-title-icon-left\">\n\t\t\t\t\t\t\t\t\t\t\t\t\t\tProgramma Seminario\t\t\t\t\t\t\t\t\t\t\t\t\t<\/div>\n\t\t\t\t\t\t<div class=\"sow-accordion-open-close-button\">\n\t\t\t\t\t\t\t<div class=\"sow-accordion-open-button\">\n\t\t\t\t\t\t\t\t<span class=\"sow-icon-ionicons\" data-sow-icon=\"&#xf218;\"\n\t\t \n\t\taria-hidden=\"true\"><\/span>\t\t\t\t\t\t\t<\/div>\n\t\t\t\t\t\t\t<div class=\"sow-accordion-close-button\">\n\t\t\t\t\t\t\t\t<span class=\"sow-icon-ionicons\" data-sow-icon=\"&#xf209;\"\n\t\t \n\t\taria-hidden=\"true\"><\/span>\t\t\t\t\t\t\t<\/div>\n\t\t\t\t\t\t<\/div>\n\t\t\t\t\t<\/div>\n\t\t\t\t<\/div>\n\n\t\t\t<div\n\t\t\t\tclass=\"sow-accordion-panel-content\"\n\t\t\t\trole=\"region\"\n\t\t\t\taria-labelledby=\"accordion-label-programma-seminario\"\n\t\t\t\tid=\"accordion-content-programma-seminario\"\n\t\t\t\tstyle=\"display: none;\"\t\t\t>\n\t\t\t\t<div class=\"sow-accordion-panel-border\">\n\t\t\t\t\t<p><a href=\"https:\/\/cla.unical.it\/wp-content\/uploads\/2022\/10\/programma_finale.pdf\" target=\"_blank\" rel=\"noopener\">Programma<\/a><\/p>\n\t\t\t\t<\/div>\n\t\t\t<\/div>\n\t\t<\/div>\n\t\t\t<div class=\"sow-accordion-panel\n\t\t\t\t\t\"\n\t\t\t\tdata-anchor-id=\"video\">\n\t\t\t\t\t<div class=\"sow-accordion-panel-header-container\" role=\"heading\" aria-level=\"2\">\n\t\t\t\t\t<div class=\"sow-accordion-panel-header\" tabindex=\"0\" role=\"button\" id=\"accordion-label-video\" aria-controls=\"accordion-content-video\" aria-expanded=\"false\">\n\t\t\t\t\t\t<div class=\"sow-accordion-title sow-accordion-title-icon-left\">\n\t\t\t\t\t\t\t\t\t\t\t\t\t\tVideo\t\t\t\t\t\t\t\t\t\t\t\t\t<\/div>\n\t\t\t\t\t\t<div class=\"sow-accordion-open-close-button\">\n\t\t\t\t\t\t\t<div class=\"sow-accordion-open-button\">\n\t\t\t\t\t\t\t\t<span class=\"sow-icon-ionicons\" data-sow-icon=\"&#xf218;\"\n\t\t \n\t\taria-hidden=\"true\"><\/span>\t\t\t\t\t\t\t<\/div>\n\t\t\t\t\t\t\t<div class=\"sow-accordion-close-button\">\n\t\t\t\t\t\t\t\t<span class=\"sow-icon-ionicons\" data-sow-icon=\"&#xf209;\"\n\t\t \n\t\taria-hidden=\"true\"><\/span>\t\t\t\t\t\t\t<\/div>\n\t\t\t\t\t\t<\/div>\n\t\t\t\t\t<\/div>\n\t\t\t\t<\/div>\n\n\t\t\t<div\n\t\t\t\tclass=\"sow-accordion-panel-content\"\n\t\t\t\trole=\"region\"\n\t\t\t\taria-labelledby=\"accordion-label-video\"\n\t\t\t\tid=\"accordion-content-video\"\n\t\t\t\tstyle=\"display: none;\"\t\t\t>\n\t\t\t\t<div class=\"sow-accordion-panel-border\">\n\t\t\t\t\t<p>13 ottobre 2022: <a href=\"https:\/\/www.youtube.com\/watch?v=1xo1gHjyobI&amp;t=6744s\" target=\"_blank\" rel=\"noopener\">Seminario di Studi - 25 anni insieme tra CLA e AICLU - YouTube<\/a><\/p>\n<p>&nbsp;<\/p>\n<p>14 ottobre 2022: <a href=\"https:\/\/www.youtube.com\/watch?v=atUsx6o9r8A&amp;t=11s\" target=\"_blank\" rel=\"noopener\">Seminario di Studi - 25 anni insieme tra CLA e AICLU - YouTube<\/a><\/p>\n<p>&nbsp;<\/p>\n\t\t\t\t<\/div>\n\t\t\t<\/div>\n\t\t<\/div>\n\t\t\t<div class=\"sow-accordion-panel\n\t\t\t\t\t\"\n\t\t\t\tdata-anchor-id=\"come-raggiungere-il-campus\">\n\t\t\t\t\t<div class=\"sow-accordion-panel-header-container\" role=\"heading\" aria-level=\"2\">\n\t\t\t\t\t<div class=\"sow-accordion-panel-header\" tabindex=\"0\" role=\"button\" id=\"accordion-label-come-raggiungere-il-campus\" aria-controls=\"accordion-content-come-raggiungere-il-campus\" aria-expanded=\"false\">\n\t\t\t\t\t\t<div class=\"sow-accordion-title sow-accordion-title-icon-left\">\n\t\t\t\t\t\t\t\t\t\t\t\t\t\tCome raggiungere il Campus\t\t\t\t\t\t\t\t\t\t\t\t\t<\/div>\n\t\t\t\t\t\t<div class=\"sow-accordion-open-close-button\">\n\t\t\t\t\t\t\t<div class=\"sow-accordion-open-button\">\n\t\t\t\t\t\t\t\t<span class=\"sow-icon-ionicons\" data-sow-icon=\"&#xf218;\"\n\t\t \n\t\taria-hidden=\"true\"><\/span>\t\t\t\t\t\t\t<\/div>\n\t\t\t\t\t\t\t<div class=\"sow-accordion-close-button\">\n\t\t\t\t\t\t\t\t<span class=\"sow-icon-ionicons\" data-sow-icon=\"&#xf209;\"\n\t\t \n\t\taria-hidden=\"true\"><\/span>\t\t\t\t\t\t\t<\/div>\n\t\t\t\t\t\t<\/div>\n\t\t\t\t\t<\/div>\n\t\t\t\t<\/div>\n\n\t\t\t<div\n\t\t\t\tclass=\"sow-accordion-panel-content\"\n\t\t\t\trole=\"region\"\n\t\t\t\taria-labelledby=\"accordion-label-come-raggiungere-il-campus\"\n\t\t\t\tid=\"accordion-content-come-raggiungere-il-campus\"\n\t\t\t\tstyle=\"display: none;\"\t\t\t>\n\t\t\t\t<div class=\"sow-accordion-panel-border\">\n\t\t\t\t\t<p><strong>In aereo<\/strong><br \/>\nIl terminal pi\u00f9 vicino \u00e8 l\u2019Aeroporto Internazionale di Lamezia Terme, noto anche come Sant\u2019Eufemia, da cui si possono raggiungere le principali citt\u00e0, Cosenza o Rende, tramite mezzi di trasporto pubblici o navette private.<br \/>\nPer maggiori informazioni sugli orari e sui costi visitare i seguenti siti web:<\/p>\n<ul>\n<li><a href=\"http:\/\/www.lameziaairport.it\/\" target=\"_blank\" rel=\"noopener\">www.lameziaairport.it<\/a><\/li>\n<li><a href=\"http:\/\/www.al-volo.net\/\" target=\"_blank\" rel=\"noopener\">www.al-volo.net<\/a><\/li>\n<li><a href=\"http:\/\/www.autolineeromano.com\/n\/reg\/cs_lam.htm\" target=\"_blank\" rel=\"noopener\">www.autolineeromano.com\/n\/reg\/cs_lam.htm<\/a><\/li>\n<li><a href=\"http:\/\/www.topclassturismo.com\/trasporti-mobilita\/\" target=\"_blank\" rel=\"noopener\">www.topclassturismo.com\/trasporti-mobilita\/<\/a><\/li>\n<\/ul>\n<p><strong>In treno<\/strong><br \/>\nLa stazione ferroviaria pi\u00f9 vicina al Campus \u00e8 quella di Castiglione Cosentino, collegata direttamente con il nodo ferroviario di Paola da cui \u00e8 possibile raggiungere le principali citt\u00e0 italiane tramite treni inter-city, Eurostar e FrecciaRossa\/FrecciaArgento. Dalla stazione ferroviaria di Castiglione Cosentino, si pu\u00f2 raggiungere l\u2019Universit\u00e0 in Taxi disponibili all\u2019uscita della stazione,e tramite gli autobus del Consorzio Autolinee.<br \/>\nPer ulteriori informazioni visitare i seguenti siti web:<\/p>\n<ul>\n<li><a href=\"http:\/\/www.trenitalia.com\/\" target=\"_blank\" rel=\"noopener\">www.trenitalia.com<\/a><\/li>\n<li><a href=\"http:\/\/www.consorzioautolinee.it\/\" target=\"_blank\" rel=\"noopener\">www.consorzioautolinee.it<\/a><\/li>\n<\/ul>\n<p><strong>In autobus<\/strong><br \/>\nCorse giornaliere in autobus collegano Roma (Stazione Tiburtina) a Rende\/Cosenza (Stazione Autolinee).<br \/>\nPer ulteriori informazioni visitare i seguenti siti web:<\/p>\n<ul>\n<li><a href=\"http:\/\/www.iasautolinee.com\/cms\/\" target=\"_blank\" rel=\"noopener\">www.iasautolinee.com\/cms\/<\/a><\/li>\n<li><a href=\"http:\/\/www.lavallelinee.it\/\" target=\"_blank\" rel=\"noopener\">www.lavallelinee.it<\/a><\/li>\n<li><a href=\"http:\/\/www.simetspa.it\/portale\/\" target=\"_blank\" rel=\"noopener\">www.simetspa.it\/portale\/<\/a><\/li>\n<\/ul>\n<p><strong>In auto<\/strong><br \/>\nIl pi\u00f9 importante collegamento stradale per raggiungere Rende\/Cosenza \u00e8 l\u2019Autostrada A2 Salerno \u2013 Reggio Calabria. L\u2019universit\u00e0 \u00e8 situata a meno di 1 Km dall\u2019uscita \u201cRende \u2013 Cosenza Nord\u201d.<\/p>\n\t\t\t\t<\/div>\n\t\t\t<\/div>\n\t\t<\/div>\n\t\t\t<div class=\"sow-accordion-panel\n\t\t\t\t\t\"\n\t\t\t\tdata-anchor-id=\"hotel-consigliati\">\n\t\t\t\t\t<div class=\"sow-accordion-panel-header-container\" role=\"heading\" aria-level=\"2\">\n\t\t\t\t\t<div class=\"sow-accordion-panel-header\" tabindex=\"0\" role=\"button\" id=\"accordion-label-hotel-consigliati\" aria-controls=\"accordion-content-hotel-consigliati\" aria-expanded=\"false\">\n\t\t\t\t\t\t<div class=\"sow-accordion-title sow-accordion-title-icon-left\">\n\t\t\t\t\t\t\t\t\t\t\t\t\t\tHotel consigliati\t\t\t\t\t\t\t\t\t\t\t\t\t<\/div>\n\t\t\t\t\t\t<div class=\"sow-accordion-open-close-button\">\n\t\t\t\t\t\t\t<div class=\"sow-accordion-open-button\">\n\t\t\t\t\t\t\t\t<span class=\"sow-icon-ionicons\" data-sow-icon=\"&#xf218;\"\n\t\t \n\t\taria-hidden=\"true\"><\/span>\t\t\t\t\t\t\t<\/div>\n\t\t\t\t\t\t\t<div class=\"sow-accordion-close-button\">\n\t\t\t\t\t\t\t\t<span class=\"sow-icon-ionicons\" data-sow-icon=\"&#xf209;\"\n\t\t \n\t\taria-hidden=\"true\"><\/span>\t\t\t\t\t\t\t<\/div>\n\t\t\t\t\t\t<\/div>\n\t\t\t\t\t<\/div>\n\t\t\t\t<\/div>\n\n\t\t\t<div\n\t\t\t\tclass=\"sow-accordion-panel-content\"\n\t\t\t\trole=\"region\"\n\t\t\t\taria-labelledby=\"accordion-label-hotel-consigliati\"\n\t\t\t\tid=\"accordion-content-hotel-consigliati\"\n\t\t\t\tstyle=\"display: none;\"\t\t\t>\n\t\t\t\t<div class=\"sow-accordion-panel-border\">\n\t\t\t\t\t<h4>Un ambiente confortevole nel cuore della vita universitaria<\/h4>\n<p>Hotel Marconi, Via G. Marconi, 84d, 87036<br \/>\nRende CS - Italia<br \/>\nTelefono: (+39) <a href=\"https:\/\/www.google.com\/search?q=hotel+marconi+rende&amp;oq=hotel+marco&amp;aqs=edge.3.69i57j0i433i457i512j0i402l2j0i433i512j0i131i433i512j0i512l3.5311j0j1&amp;sourceid=chrome&amp;ie=UTF-8#\" data-dtype=\"d3ph\" data-local-attribute=\"d3ph\" data-ved=\"2ahUKEwi9nZ3h0Mj6AhU4Q_EDHYpJC-wQkAgoAHoECGwQAw\"><span aria-label=\"Call phone number 0984 402282\">0984 402282<\/span><\/a><br \/>\nMail: <a href=\"mailto:info@marconihotelrende.it\">info@marconihotelrende.it<\/a><br \/>\nSito: <a href=\"https:\/\/www.marconihotelrende.it\/\">Home - Marconi Hotel Rende<\/a><\/p>\n<h4>Un ambiente accogliente nel cuore della vita cittadina<\/h4>\n<p>Albergo Hotel Europa, v. Kennedy - 87036<br \/>\nRende (CS) \u2013 Italia<br \/>\nTelefono: (+39) 0984 465064<br \/>\nMail: info@europahotelcosenza.it<br \/>\nSito: <a href=\"https:\/\/www.europahotelcosenza.it\/\">Hotel Europa Cosenza (europahotelcosenza.it)<\/a><\/p>\n<h4>Se ti piacciono le SPA<\/h4>\n<p>Best Western Premier Villa Fabiano Palace Hotel<br \/>\nVia Cristoforo Colombo, Ss 19\u00a0-\u00a087036\u00a0-\u00a0Rende (CS)<br \/>\nCoordinate GPS: lat.\u00a039,3708\u00a0- long.\u00a016,2387<br \/>\nTelefono:\u00a0<a class=\"footer-phone phone\" href=\"tel:+39 0984 838620\">+39 0984 838620<\/a><span class=\"emailId\"><br \/>\nE-mail:\u00a0<a>villafabiano.cs@bestwestern.it<\/a><\/span><br \/>\nSito: <a href=\"https:\/\/www.villafabiano.it\/\">Villa Fabiano Palace Hotel Best Western Premier<\/a><\/p>\n<h4>Se ti piace un ambiente creativo<\/h4>\n<p>Parco d'Arte Alt Art<br \/>\nVia Longeni, 25 bis, 87036 Rende CS<br \/>\nTelefono: <a href=\"https:\/\/www.google.com\/search?q=art+art+rende&amp;oq=art+art+re&amp;aqs=edge.0.0i512j69i57j0i22i30j0i15i22i30l3j0i22i30j0i15i22i30j0i22i30.3343j0j4&amp;sourceid=chrome&amp;ie=UTF-8#\" data-dtype=\"d3ph\" data-local-attribute=\"d3ph\" data-ved=\"2ahUKEwjgiLXnrrX6AhWpRPEDHQ_jASYQkAgoAHoECFkQAw\"><span aria-label=\"Call phone number 392 673 9680\">392 673 9680<\/span><\/a><br \/>\nSito: <a href=\"https:\/\/www.facebook.com\/ParcodArteAltArt\/\">Parco d'Arte Alt Art | Facebook<\/a><\/p>\n\t\t\t\t<\/div>\n\t\t\t<\/div>\n\t\t<\/div>\n\t\t\t<div class=\"sow-accordion-panel\n\t\t\t\t\t\"\n\t\t\t\tdata-anchor-id=\"contatti\">\n\t\t\t\t\t<div class=\"sow-accordion-panel-header-container\" role=\"heading\" aria-level=\"2\">\n\t\t\t\t\t<div class=\"sow-accordion-panel-header\" tabindex=\"0\" role=\"button\" id=\"accordion-label-contatti\" aria-controls=\"accordion-content-contatti\" aria-expanded=\"false\">\n\t\t\t\t\t\t<div class=\"sow-accordion-title sow-accordion-title-icon-left\">\n\t\t\t\t\t\t\t\t\t\t\t\t\t\tContatti\t\t\t\t\t\t\t\t\t\t\t\t\t<\/div>\n\t\t\t\t\t\t<div class=\"sow-accordion-open-close-button\">\n\t\t\t\t\t\t\t<div class=\"sow-accordion-open-button\">\n\t\t\t\t\t\t\t\t<span class=\"sow-icon-ionicons\" data-sow-icon=\"&#xf218;\"\n\t\t \n\t\taria-hidden=\"true\"><\/span>\t\t\t\t\t\t\t<\/div>\n\t\t\t\t\t\t\t<div class=\"sow-accordion-close-button\">\n\t\t\t\t\t\t\t\t<span class=\"sow-icon-ionicons\" data-sow-icon=\"&#xf209;\"\n\t\t \n\t\taria-hidden=\"true\"><\/span>\t\t\t\t\t\t\t<\/div>\n\t\t\t\t\t\t<\/div>\n\t\t\t\t\t<\/div>\n\t\t\t\t<\/div>\n\n\t\t\t<div\n\t\t\t\tclass=\"sow-accordion-panel-content\"\n\t\t\t\trole=\"region\"\n\t\t\t\taria-labelledby=\"accordion-label-contatti\"\n\t\t\t\tid=\"accordion-content-contatti\"\n\t\t\t\tstyle=\"display: none;\"\t\t\t>\n\t\t\t\t<div class=\"sow-accordion-panel-border\">\n\t\t\t\t\t<p><b>Per informazioni contatta <a href=\"mailto:cla@unical.it\">cla@unical.it<\/a><\/b><\/p>\n\t\t\t\t<\/div>\n\t\t\t<\/div>\n\t\t<\/div>\n\t\t\t<div class=\"sow-accordion-panel\n\t\t\t\t\t\"\n\t\t\t\tdata-anchor-id=\"rassegna-stampa\">\n\t\t\t\t\t<div class=\"sow-accordion-panel-header-container\" role=\"heading\" aria-level=\"2\">\n\t\t\t\t\t<div class=\"sow-accordion-panel-header\" tabindex=\"0\" role=\"button\" id=\"accordion-label-rassegna-stampa\" aria-controls=\"accordion-content-rassegna-stampa\" aria-expanded=\"false\">\n\t\t\t\t\t\t<div class=\"sow-accordion-title sow-accordion-title-icon-left\">\n\t\t\t\t\t\t\t\t\t\t\t\t\t\tRassegna stampa\t\t\t\t\t\t\t\t\t\t\t\t\t<\/div>\n\t\t\t\t\t\t<div class=\"sow-accordion-open-close-button\">\n\t\t\t\t\t\t\t<div class=\"sow-accordion-open-button\">\n\t\t\t\t\t\t\t\t<span class=\"sow-icon-ionicons\" data-sow-icon=\"&#xf218;\"\n\t\t \n\t\taria-hidden=\"true\"><\/span>\t\t\t\t\t\t\t<\/div>\n\t\t\t\t\t\t\t<div class=\"sow-accordion-close-button\">\n\t\t\t\t\t\t\t\t<span class=\"sow-icon-ionicons\" data-sow-icon=\"&#xf209;\"\n\t\t \n\t\taria-hidden=\"true\"><\/span>\t\t\t\t\t\t\t<\/div>\n\t\t\t\t\t\t<\/div>\n\t\t\t\t\t<\/div>\n\t\t\t\t<\/div>\n\n\t\t\t<div\n\t\t\t\tclass=\"sow-accordion-panel-content\"\n\t\t\t\trole=\"region\"\n\t\t\t\taria-labelledby=\"accordion-label-rassegna-stampa\"\n\t\t\t\tid=\"accordion-content-rassegna-stampa\"\n\t\t\t\tstyle=\"display: none;\"\t\t\t>\n\t\t\t\t<div class=\"sow-accordion-panel-border\">\n\t\t\t\t\t<p><a href=\"https:\/\/www.unical.it\/contents\/news\/view\/5279-il-centro-linguistico-di-ateneo-festeggia-25-anni-di-attivita\/\">https:\/\/www.unical.it\/contents\/news\/view\/5279-il-centro-linguistico-di-ateneo-festeggia-25-anni-di-attivita\/<\/a><\/p>\n<p><a href=\"https:\/\/cla.unical.it\/il-centro-linguistico-di-ateneo-festeggia-25-anni-di-attivita\/\">https:\/\/cla.unical.it\/il-centro-linguistico-di-ateneo-festeggia-25-anni-di-attivita\/<\/a><\/p>\n<p><a href=\"https:\/\/www.lacnews24.it\/attualita\/unical-il-centro-linguistico-di-ateneo-festeggia-25-anni-_161243\/\">https:\/\/www.lacnews24.it\/attualita\/unical-il-centro-linguistico-di-ateneo-festeggia-25-anni-_161243\/<\/a><\/p>\n<p><a href=\"https:\/\/www.zazoom.it\/2022-10-17\/rende-universita-della-calabria-il-centro-linguistico-di-ateneo-festeggia-25-anni-di-attivita\/11761557\/\">https:\/\/www.zazoom.it\/2022-10-17\/rende-universita-della-calabria-il-centro-linguistico-di-ateneo-festeggia-25-anni-di-attivita\/11761557\/<\/a><\/p>\n<p><a href=\"https:\/\/ildispaccio.it\/calabria\/2022\/10\/18\/universita-della-calabria-il-centro-linguistico-di-ateneo-festeggia-25-anni-di-attivita\/\">https:\/\/ildispaccio.it\/calabria\/2022\/10\/18\/universita-della-calabria-il-centro-linguistico-di-ateneo-festeggia-25-anni-di-attivita\/<\/a><\/p>\n<p><a href=\"https:\/\/www.laprimapagina.it\/2022\/10\/17\/rende-universita-della-calabria-il-centro-linguistico-di-ateneo-festeggia-25-anni-di-attivita\/\">https:\/\/www.laprimapagina.it\/2022\/10\/17\/rende-universita-della-calabria-il-centro-linguistico-di-ateneo-festeggia-25-anni-di-attivita\/<\/a><\/p>\n<p><a href=\"https:\/\/www.calabriadirettanews.com\/2022\/10\/18\/unical-il-centro-linguistico-di-ateneo-festeggia-25-anni-di-attivita\/\">https:\/\/www.calabriadirettanews.com\/2022\/10\/18\/unical-il-centro-linguistico-di-ateneo-festeggia-25-anni-di-attivita\/<\/a><\/p>\n<p><a href=\"https:\/\/www.donnissima.it\/attualita-tecnologia\/mostre-ed-eventi\/I-25-anni-di-attivita-del-Centro-Linguistico-dell-UniCal\/7998\">https:\/\/www.donnissima.it\/attualita-tecnologia\/mostre-ed-eventi\/I-25-anni-di-attivita-del-Centro-Linguistico-dell-UniCal\/7998<\/a><\/p>\n<p><a href=\"http:\/\/www.mendicinoinrete.org\/2022\/10\/17\/unical-25-anni-di-attivita-centro-linguistico\/\">http:\/\/www.mendicinoinrete.org\/2022\/10\/17\/unical-25-anni-di-attivita-centro-linguistico\/<\/a><\/p>\n<p><a href=\"http:\/\/kliche.it\/2022\/10\/14\/25-anni-di-attivita-per-il-centro-linguistico-di-ateneo\/\">http:\/\/kliche.it\/2022\/10\/14\/25-anni-di-attivita-per-il-centro-linguistico-di-ateneo\/<\/a><\/p>\n<p><a href=\"https:\/\/www.informazionecomunicazione.it\/unical-25-anni-insieme-tra-cla-e-aiclu-riflessioni-su-un-percorso-didattico-e-di-ricerca-multilinguistica-e-interculturale\/\">https:\/\/www.informazionecomunicazione.it\/unical-25-anni-insieme-tra-cla-e-aiclu-riflessioni-su-un-percorso-didattico-e-di-ricerca-multilinguistica-e-interculturale\/<\/a><\/p>\n\t\t\t\t<\/div>\n\t\t\t<\/div>\n\t\t<\/div>\n\t\t<\/div>\n<\/div>\n<\/div><\/div><div id=\"panel-3784-4-0-1\" class=\"so-panel widget widget_sow-editor panel-last-child\" data-index=\"7\" ><div\n\t\t\t\n\t\t\tclass=\"so-widget-sow-editor so-widget-sow-editor-base\"\n\t\t\t\n\t\t><h3 class=\"widget-title\">Portfolio 25 anni di CLA<\/h3>\n<div class=\"siteorigin-widget-tinymce textwidget\">\n\t<p><a href=\"https:\/\/cla.unical.it\/wp-content\/uploads\/2022\/10\/official-flipbook-STAMPA-DEF.pdf\" target=\"_blank\" rel=\"noopener\">Official flipbook<\/a><\/p>\n<\/div>\n<\/div><\/div><\/div><\/div><\/div>","protected":false},"excerpt":{"rendered":"<p>Portfolio 25 anni di CLA 25 anni di CLA &#8211; Greetings Foto del Seminario Tema Seminario Invito al Seminario di Studi 25 anni insieme tra CLA e AICLU_UniCal 2022\u00a0 Scheda di Partecipazione Informazioni Brochure del Seminario Brochure Programma Seminario Programma Video 13 ottobre 2022: Seminario di Studi &#8211; 25 anni insieme tra CLA e AICLU [&hellip;]<\/p>\n","protected":false},"author":1,"featured_media":0,"parent":0,"menu_order":0,"comment_status":"closed","ping_status":"closed","template":"","meta":{"footnotes":""},"class_list":["post-3784","page","type-page","status-publish","hentry","entry"],"_links":{"self":[{"href":"https:\/\/cla.unical.it\/fr\/wp-json\/wp\/v2\/pages\/3784","targetHints":{"allow":["GET"]}}],"collection":[{"href":"https:\/\/cla.unical.it\/fr\/wp-json\/wp\/v2\/pages"}],"about":[{"href":"https:\/\/cla.unical.it\/fr\/wp-json\/wp\/v2\/types\/page"}],"author":[{"embeddable":true,"href":"https:\/\/cla.unical.it\/fr\/wp-json\/wp\/v2\/users\/1"}],"replies":[{"embeddable":true,"href":"https:\/\/cla.unical.it\/fr\/wp-json\/wp\/v2\/comments?post=3784"}],"version-history":[{"count":126,"href":"https:\/\/cla.unical.it\/fr\/wp-json\/wp\/v2\/pages\/3784\/revisions"}],"predecessor-version":[{"id":8914,"href":"https:\/\/cla.unical.it\/fr\/wp-json\/wp\/v2\/pages\/3784\/revisions\/8914"}],"wp:attachment":[{"href":"https:\/\/cla.unical.it\/fr\/wp-json\/wp\/v2\/media?parent=3784"}],"curies":[{"name":"wp","href":"https:\/\/api.w.org\/{rel}","templated":true}]}}