{"id":420,"date":"2020-12-19T11:18:32","date_gmt":"2020-12-19T10:18:32","guid":{"rendered":"http:\/\/cla.unical.it\/?page_id=420"},"modified":"2025-05-16T17:00:45","modified_gmt":"2025-05-16T15:00:45","slug":"socio-aiclu","status":"publish","type":"page","link":"https:\/\/cla.unical.it\/fr\/socio-aiclu\/","title":{"rendered":"Socio AICLU"},"content":{"rendered":"<div id=\"pl-420\"  class=\"panel-layout\" ><div id=\"pg-420-0\"  class=\"panel-grid panel-no-style\" ><div id=\"pgc-420-0-0\"  class=\"panel-grid-cell\" ><div id=\"panel-420-0-0-0\" class=\"so-panel widget widget_sow-headline panel-first-child panel-last-child\" data-index=\"0\" ><div\n\t\t\t\n\t\t\tclass=\"so-widget-sow-headline so-widget-sow-headline-default-08ca780a4db4-420 so-widget-fittext-wrapper\"\n\t\t\t data-fit-text-compressor=\"0.85\"\n\t\t><div class=\"sow-headline-container \">\n\t\t\t\t\t\t\t<h3 class=\"sow-sub-headline\">\n\t\t\t\t\t\tIl Centro Linguistico di Ateneo dell'Universit\u00e0 della Calabria \u00e8 Socio AICLU (Associazione Italiana dei Centri Linguistici Universitari).\t\t\t\t\t\t<\/h3>\n\t\t\t\t\t\t\t\t\t\t\t<div class=\"decoration\">\n\t\t\t\t\t\t<div class=\"decoration-inside\"><\/div>\n\t\t\t\t\t<\/div>\n\t\t\t\t\t<\/div>\n<\/div><\/div><\/div><\/div><div id=\"pg-420-1\"  class=\"panel-grid panel-no-style\" ><div id=\"pgc-420-1-0\"  class=\"panel-grid-cell\" ><div id=\"panel-420-1-0-0\" class=\"so-panel widget widget_sow-editor panel-first-child\" data-index=\"1\" ><div\n\t\t\t\n\t\t\tclass=\"so-widget-sow-editor so-widget-sow-editor-base\"\n\t\t\t\n\t\t>\n<div class=\"siteorigin-widget-tinymce textwidget\">\n\t<p style=\"text-align: center;\">\n<p style=\"text-align: justify;\">Il CLA \u00e8 socio AICLU, inoltre ha ospitato la Segreteria nazionale AICLU nel triennio 2010-2013 e la Presidenza nazionale AICLU nel triennio 2013 - 2016 e negli anni 2019 - Marzo 2023.<br \/>\nUlteriori informazioni relative al Direttivo, i Soci e le attivit\u00e0 che l'AICLU svolge si possono visualizzare <a href=\"https:\/\/aiclu.org\">sul sito dell'Associazione.<\/a><\/p>\n<p>&nbsp;<\/p>\n<p>&nbsp;<\/p>\n<\/div>\n<\/div><\/div><div id=\"panel-420-1-0-1\" class=\"so-panel widget widget_lsow-posts-carousel\" data-index=\"2\" ><div\n\t\t\t\n\t\t\tclass=\"so-widget-lsow-posts-carousel so-widget-lsow-posts-carousel-default-3dd089290af6-420\"\n\t\t\t\n\t\t><h3 class=\"widget-title\">News da AICLU<\/h3><div id=\"lsow-posts-carousel-69de66f546a91\" class=\"lsow-posts-carousel lsow-container\" data-settings='{\"arrows\":true,\"autoplay_speed\":3000,\"animation_speed\":300,\"pause_on_hover\":true,\"display_columns\":3,\"scroll_columns\":3,\"gutter\":10,\"so_field_container_state\":\"open\",\"dots\":false,\"autoplay\":false,\"customize\":\"\",\"tablet_width\":800,\"tablet_display_columns\":2,\"tablet_scroll_columns\":2,\"mobile_width\":480,\"mobile_display_columns\":1,\"mobile_scroll_columns\":1}'><div data-id=\"id-3952\" class=\"lsow-posts-carousel-item\"><article id=\"post-3952\" class=\"post-3952 post type-post status-publish format-standard hentry category-novita-aiclu entry\"><div class=\"lsow-entry-text-wrap  nothumbnail\"><h3 class=\"entry-title\"><a href=\"https:\/\/cla.unical.it\/fr\/seminario-di-studi-unical-13-e-14-ottobre-2022\/\" title=\"Seminario di Studi UNICAL &#8211; 13 e 14 ottobre 2022\" target=\"_self\" rel=\"bookmark\">Seminario di Studi UNICAL &#8211; 13 e 14 ottobre 2022<\/a><\/h3><div class=\"entry-summary\">Gentili Socie e Soci, ringrazio quanti tra di voi hanno inviato la scheda di partecipazione al Seminario di Studi che si terr\u00e0 il 13 e ilFwd 14 Ottobre 2022 presso l&rsquo;Universit\u00e0 della Calabria. Invio in allegato la Brochure che d\u00e0 indicazioni generali sull&rsquo;organizzazione. Vi informo, inoltre, che abbiamo aperto uno spazio dedicato al Seminario\u00a0QUI\u00a0dove troverete [&hellip;]<\/div><\/div><\/article><!-- .hentry --><\/div><!-- .lsow-posts-carousel-item --><div data-id=\"id-3723\" class=\"lsow-posts-carousel-item\"><article id=\"post-3723\" class=\"post-3723 post type-post status-publish format-standard hentry category-novita-aiclu entry\"><div class=\"lsow-entry-text-wrap  nothumbnail\"><h3 class=\"entry-title\"><a href=\"https:\/\/cla.unical.it\/fr\/seminario-di-studi-25-anni-insieme-tra-cla-e-aiclu-riflessioni-su-un-percorso-didattico-e-di-ricerca-multilinguistica-e-interculturale-universita-della-calabria-13-14-ottobre-2022\/\" title=\"Seminario di Studi \u00ab\u00a025 anni insieme tra CLA e AICLU: riflessioni su un percorso didattico e di ricerca multilinguistica e interculturale\u00a0\u00bb &#8211; Universit\u00e0 della Calabria &#8211; 13\/14 ottobre 2022\" target=\"_self\" rel=\"bookmark\">Seminario di Studi \u00ab\u00a025 anni insieme tra CLA e AICLU: riflessioni su un percorso didattico e di ricerca multilinguistica e interculturale\u00a0\u00bb &#8211; Universit\u00e0 della Calabria &#8211; 13\/14 ottobre 2022<\/a><\/h3><div class=\"entry-summary\">Invito al Seminario di Studi 25 anni insieme tra CLA e AICLU_UniCal 2022_Scheda di partecipazione [pdf-embedder url=\u00a0\u00bbhttps:\/\/cla.unical.it\/wp-content\/uploads\/2022\/09\/Invito-al-Seminario-di-Studi-25-anni-insieme-tra-CLA-e-AICLU_UniCal-2022.pdf\u00a0\u00bb title=\u00a0\u00bbInvito al Seminario di Studi 25 anni insieme tra CLA e AICLU_UniCal 2022&Prime;]<\/div><\/div><\/article><!-- .hentry --><\/div><!-- .lsow-posts-carousel-item --><div data-id=\"id-3678\" class=\"lsow-posts-carousel-item\"><article id=\"post-3678\" class=\"post-3678 post type-post status-publish format-standard hentry category-novita-aiclu entry\"><div class=\"lsow-entry-text-wrap  nothumbnail\"><h3 class=\"entry-title\"><a href=\"https:\/\/cla.unical.it\/fr\/cla-di-roma-2-relativo-alla-procedura-pubblica-selettiva-per-titoli-e-colloquio-per-il-reclutamento-di-un-collaboratore-ed-esperto-linguistico-di-madrelingua-russa\/\" title=\"CLA di Roma 2 relativo alla Procedura pubblica selettiva, per titoli e colloquio, per il reclutamento di un collaboratore ed esperto linguistico\u00a0di madrelingua russa\" target=\"_self\" rel=\"bookmark\">CLA di Roma 2 relativo alla Procedura pubblica selettiva, per titoli e colloquio, per il reclutamento di un collaboratore ed esperto linguistico\u00a0di madrelingua russa<\/a><\/h3><div class=\"entry-summary\">Riceviamo e trasmettiamo il messaggio da parte del CLA di Roma 2 relativo alla Procedura pubblica selettiva, per titoli e colloquio, per il reclutamento di un collaboratore ed esperto linguistico\u00a0di madrelingua russa\u00a0da assumere con contratto di lavoro a tempo determinato della durata di 36 mesi, per le esigenze del Centro Linguistico di Ateneo (CLA) dell\u2019Universit\u00e0 [&hellip;]<\/div><\/div><\/article><!-- .hentry --><\/div><!-- .lsow-posts-carousel-item --><div data-id=\"id-3687\" class=\"lsow-posts-carousel-item\"><article id=\"post-3687\" class=\"post-3687 post type-post status-publish format-standard hentry category-novita-aiclu entry\"><div class=\"lsow-entry-text-wrap  nothumbnail\"><h3 class=\"entry-title\"><a href=\"https:\/\/cla.unical.it\/fr\/international-conference-on-new-trends-in-english-language-teaching-learning-and-education-26-27-september-2022-unior-summer-school-of-procida-italy\/\" title=\"International Conference on New Trends in English Language Teaching, Learning and Education, 26-27 September 2022, UniOR Summer School of Procida (Italy)\" target=\"_self\" rel=\"bookmark\">International Conference on New Trends in English Language Teaching, Learning and Education, 26-27 September 2022, UniOR Summer School of Procida (Italy)<\/a><\/h3><div class=\"entry-summary\">Il Comitato Direttivo del CLAOR \u00e8 lieto di comunicarvi che nei giorni 26 e 27 settembre 2022 si terr\u00e0, presso la sede della Summer School dell&rsquo;Universit\u00e0 di Napoli L&rsquo;Orientale, nell&rsquo;isola di Procida, la conferenza internazionale NEW TRENDS IN ENGLISH LANGUAGE TEACHING, LEARNING AND EDUCATION. Informazioni sulla Conferenza, sulle modalit\u00e0 di partecipazione sono disponibili al sito:\u00a0https:\/\/www.unior.it\/ateneo\/31221\/1\/international-elt-conference-new-trends-in-english-language-teaching-learning-and-education.html<\/div><\/div><\/article><!-- .hentry --><\/div><!-- .lsow-posts-carousel-item --><div data-id=\"id-3684\" class=\"lsow-posts-carousel-item\"><article id=\"post-3684\" class=\"post-3684 post type-post status-publish format-standard hentry category-novita-aiclu entry\"><div class=\"lsow-entry-text-wrap  nothumbnail\"><h3 class=\"entry-title\"><a href=\"https:\/\/cla.unical.it\/fr\/convegno-ilsa-cla-firenze\/\" title=\"Convegno ILSA-Cla Firenze\" target=\"_self\" rel=\"bookmark\">Convegno ILSA-Cla Firenze<\/a><\/h3><div class=\"entry-summary\">[pdf-embedder url=\u00a0\u00bbhttps:\/\/cla.unical.it\/wp-content\/uploads\/2022\/09\/ILSA-CLA_Programma_XXIX_Convegno_2022_DEF.pdf\u00a0\u00bb]<\/div><\/div><\/article><!-- .hentry --><\/div><!-- .lsow-posts-carousel-item --><div data-id=\"id-3680\" class=\"lsow-posts-carousel-item\"><article id=\"post-3680\" class=\"post-3680 post type-post status-publish format-standard hentry category-notizie-cla category-novita-aiclu entry\"><div class=\"lsow-entry-text-wrap  nothumbnail\"><h3 class=\"entry-title\"><a href=\"https:\/\/cla.unical.it\/fr\/ultimi-documenti-aiclu-online\/\" title=\"Ultimi documenti AICLU online\" target=\"_self\" rel=\"bookmark\">Ultimi documenti AICLU online<\/a><\/h3><div class=\"entry-summary\">A\u00a0questa pagina\u00a0potrete trovare gli ultimi file caricati sul sito della nostra Associazione relativi al verbale dell&rsquo;Assemblea dei Soci &#8211; che si \u00e8 svolta a Milano lo scorso 9 giugno &#8211; e il nuovo documento di indirizzo AICLU riguardante le certificazioni linguistiche.<\/div><\/div><\/article><!-- .hentry --><\/div><!-- .lsow-posts-carousel-item --><div data-id=\"id-3353\" class=\"lsow-posts-carousel-item\"><article id=\"post-3353\" class=\"post-3353 post type-post status-publish format-standard hentry category-novita-aiclu entry\"><div class=\"lsow-entry-text-wrap  nothumbnail\"><h3 class=\"entry-title\"><a href=\"https:\/\/cla.unical.it\/fr\/9-giugno-2022-xii-convegno-internazionale-aiclu-2022-e-assemblea-dei-soci\/\" title=\"9 giugno 2022 &#8211; XII Convegno internazionale AICLU 2022 e Assemblea dei Soci\" target=\"_self\" rel=\"bookmark\">9 giugno 2022 &#8211; XII Convegno internazionale AICLU 2022 e Assemblea dei Soci<\/a><\/h3><div class=\"entry-summary\">Gentili Socie e Soci, vi ricordiamo\u00a0il doppio appuntamento online di domani,\u00a0gioved\u00ec 9 giugno 2022. \u00a0 Alle ore 9.30 si apriranno i lavori del XII Convegno internazionale AICLU\u00a02022 \u201cApprocci integrati plurilingui all\u2019Universit\u00e0 &#8211; Metodi, formazione, esperienze\u201d organizzato dal SeLdA dell&rsquo;Universit\u00e0 Cattolica di Milano e di cui vi alleghiamo il pieghevole. In caso di problemi di collegamento [&hellip;]<\/div><\/div><\/article><!-- .hentry --><\/div><!-- .lsow-posts-carousel-item --><div data-id=\"id-3349\" class=\"lsow-posts-carousel-item\"><article id=\"post-3349\" class=\"post-3349 post type-post status-publish format-standard hentry category-novita-aiclu entry\"><div class=\"lsow-entry-text-wrap  nothumbnail\"><h3 class=\"entry-title\"><a href=\"https:\/\/cla.unical.it\/fr\/pubblicazione-bandi-master-itals-1-e-2-livello\/\" title=\"Pubblicazione bandi Master Itals 1\u00b0 e 2\u00b0 livello\" target=\"_self\" rel=\"bookmark\">Pubblicazione bandi Master Itals 1\u00b0 e 2\u00b0 livello<\/a><\/h3><div class=\"entry-summary\">Pubblicazione bandi Master Itals 1\u00b0 e 2\u00b0 livello Sono on-line i bandi per l\u2019A.A. 2022\/2023 dei Master Itals di I e II livello dell\u2019Universit\u00e0 Ca\u2019 Foscari di Venezia. I Master forniscono crediti e ambiti disciplinari richiesti per la A23. Informazioni dettagliate possono essere rinvenute nei siti: &#8211; master\u00a0ITALS1\u00a0&#8211; Didattica e promozione dell\u2019italiano a stranieri:\u00a0https:\/\/www.cafoscarichallengeschool.it\/master\/didattica-e-promozione-della-lingua-e-cultura-italiane-a-stranieri\/\u00a0\u00a0(scadenza\u00a012\/07\/2022) &#8211; [&hellip;]<\/div><\/div><\/article><!-- .hentry --><\/div><!-- .lsow-posts-carousel-item --><div data-id=\"id-3331\" class=\"lsow-posts-carousel-item\"><article id=\"post-3331\" class=\"post-3331 post type-post status-publish format-standard hentry category-novita-aiclu entry\"><div class=\"lsow-entry-text-wrap  nothumbnail\"><h3 class=\"entry-title\"><a href=\"https:\/\/cla.unical.it\/fr\/programma-definitivo-xii-convegno-aiclu-online-9-giugno-2022\/\" title=\"Programma definitivo XII Convegno AICLU &#8211; online, 9 giugno 2022\" target=\"_self\" rel=\"bookmark\">Programma definitivo XII Convegno AICLU &#8211; online, 9 giugno 2022<\/a><\/h3><div class=\"entry-summary\">Gentili colleghe e colleghi, abbiamo il piacere di invitarvi ufficialmente al XII Convegno AICLU\u00a0Approcci integrati plurilingui all&rsquo;Universit\u00e0 &#8211; Metodi, formazione, esperienze\u00a0organizzato dal Servizio Linguistico di Ateneo dell&rsquo;Universit\u00e0 Cattolica del Sacro Cuore di Milano e che si svolger\u00e0 interamente online il giorno 9 giugno 2022. In allegato trovate brochure e locandina dell&rsquo;evento. \u00a0 Per partecipare ai [&hellip;]<\/div><\/div><\/article><!-- .hentry --><\/div><!-- .lsow-posts-carousel-item --><div data-id=\"id-3286\" class=\"lsow-posts-carousel-item\"><article id=\"post-3286\" class=\"post-3286 post type-post status-publish format-standard hentry category-novita-aiclu entry\"><div class=\"lsow-entry-text-wrap  nothumbnail\"><h3 class=\"entry-title\"><a href=\"https:\/\/cla.unical.it\/fr\/iniziativa-cla-molise\/\" title=\"Iniziativa CLA Molise\" target=\"_self\" rel=\"bookmark\">Iniziativa CLA Molise<\/a><\/h3><div class=\"entry-summary\">Care Socie e cari Soci, segnaliamo un&rsquo;altra iniziativa, questa volta del CLA del Molise, prevista per il 26 aprile e della quale si allega locandina: Fabrizio Leto &#8211; METODO TASK BASED\u00a0LEARNING AND TEACHING,\u00a0DALLA PROGETTAZIONE ALLA\u00a0REALIZZAZIONE IN CLASSE 26 APRILE 2022 &#8211; dalle 14.30 alle 16.00. Online (Via Microsoft Teams): Iscriversi inviando la richiesta a cla@unimol.it [&hellip;]<\/div><\/div><\/article><!-- .hentry --><\/div><!-- .lsow-posts-carousel-item --><\/div><!-- .lsow-posts-carousel --><\/div><\/div><div id=\"panel-420-1-0-2\" class=\"so-panel widget widget_sow-accordion panel-last-child\" data-index=\"3\" ><div\n\t\t\t\n\t\t\tclass=\"so-widget-sow-accordion so-widget-sow-accordion-default-99be652ed941-3286\"\n\t\t\t\n\t\t><h3 class=\"widget-title\">Info<\/h3><div>\n\t<div class=\"sow-accordion\">\n\t\t\t<div class=\"sow-accordion-panel\n\t\t\t\t\t\"\n\t\t\t\tdata-anchor-id=\"contatti\">\n\t\t\t\t\t<div class=\"sow-accordion-panel-header-container\" role=\"heading\" aria-level=\"2\">\n\t\t\t\t\t<div class=\"sow-accordion-panel-header\" tabindex=\"0\" role=\"button\" id=\"accordion-label-contatti\" aria-controls=\"accordion-content-contatti\" aria-expanded=\"false\">\n\t\t\t\t\t\t<div class=\"sow-accordion-title sow-accordion-title-icon-left\">\n\t\t\t\t\t\t\t\t\t\t\t\t\t\tContatti\t\t\t\t\t\t\t\t\t\t\t\t\t<\/div>\n\t\t\t\t\t\t<div class=\"sow-accordion-open-close-button\">\n\t\t\t\t\t\t\t<div class=\"sow-accordion-open-button\">\n\t\t\t\t\t\t\t\t<span class=\"sow-icon-ionicons\" data-sow-icon=\"&#xf218;\"\n\t\t \n\t\taria-hidden=\"true\"><\/span>\t\t\t\t\t\t\t<\/div>\n\t\t\t\t\t\t\t<div class=\"sow-accordion-close-button\">\n\t\t\t\t\t\t\t\t<span class=\"sow-icon-ionicons\" data-sow-icon=\"&#xf209;\"\n\t\t \n\t\taria-hidden=\"true\"><\/span>\t\t\t\t\t\t\t<\/div>\n\t\t\t\t\t\t<\/div>\n\t\t\t\t\t<\/div>\n\t\t\t\t<\/div>\n\n\t\t\t<div\n\t\t\t\tclass=\"sow-accordion-panel-content\"\n\t\t\t\trole=\"region\"\n\t\t\t\taria-labelledby=\"accordion-label-contatti\"\n\t\t\t\tid=\"accordion-content-contatti\"\n\t\t\t\tstyle=\"display: none;\"\t\t\t>\n\t\t\t\t<div class=\"sow-accordion-panel-border\">\n\t\t\t\t\t<p>Per maggiori informazioni scrivi a <a href=\"mailto:info@aiclu.org\">info@aiclu.org<\/a> oppure a <a href=\"mailto:cla@unical.it\">cla@unical.it<\/a><\/p>\n\t\t\t\t<\/div>\n\t\t\t<\/div>\n\t\t<\/div>\n\t\t<\/div>\n<\/div>\n<\/div><\/div><\/div><\/div><\/div>","protected":false},"excerpt":{"rendered":"<p>Il CLA \u00e8 socio AICLU, inoltre ha ospitato la Segreteria nazionale AICLU nel triennio 2010-2013 e la Presidenza nazionale AICLU nel triennio 2013 &#8211; 2016 e negli anni 2019 &#8211; Marzo 2023. Ulteriori informazioni relative al Direttivo, i Soci e le attivit\u00e0 che l&rsquo;AICLU svolge si possono visualizzare sul sito dell&rsquo;Associazione. &nbsp; &nbsp;<\/p>\n","protected":false},"author":1,"featured_media":0,"parent":0,"menu_order":5,"comment_status":"closed","ping_status":"closed","template":"page-nosidebar.php","meta":{"footnotes":""},"class_list":["post-420","page","type-page","status-publish","hentry","entry"],"_links":{"self":[{"href":"https:\/\/cla.unical.it\/fr\/wp-json\/wp\/v2\/pages\/420","targetHints":{"allow":["GET"]}}],"collection":[{"href":"https:\/\/cla.unical.it\/fr\/wp-json\/wp\/v2\/pages"}],"about":[{"href":"https:\/\/cla.unical.it\/fr\/wp-json\/wp\/v2\/types\/page"}],"author":[{"embeddable":true,"href":"https:\/\/cla.unical.it\/fr\/wp-json\/wp\/v2\/users\/1"}],"replies":[{"embeddable":true,"href":"https:\/\/cla.unical.it\/fr\/wp-json\/wp\/v2\/comments?post=420"}],"version-history":[{"count":39,"href":"https:\/\/cla.unical.it\/fr\/wp-json\/wp\/v2\/pages\/420\/revisions"}],"predecessor-version":[{"id":8249,"href":"https:\/\/cla.unical.it\/fr\/wp-json\/wp\/v2\/pages\/420\/revisions\/8249"}],"wp:attachment":[{"href":"https:\/\/cla.unical.it\/fr\/wp-json\/wp\/v2\/media?parent=420"}],"curies":[{"name":"wp","href":"https:\/\/api.w.org\/{rel}","templated":true}]}}