{"id":436,"date":"2020-12-19T11:30:02","date_gmt":"2020-12-19T10:30:02","guid":{"rendered":"http:\/\/cla.unical.it\/?page_id=436"},"modified":"2025-05-16T16:59:50","modified_gmt":"2025-05-16T14:59:50","slug":"socio-cercles","status":"publish","type":"page","link":"https:\/\/cla.unical.it\/fr\/socio-cercles\/","title":{"rendered":"Socio CERCLES"},"content":{"rendered":"<div id=\"pl-436\"  class=\"panel-layout\" ><div id=\"pg-436-0\"  class=\"panel-grid panel-no-style\" ><div id=\"pgc-436-0-0\"  class=\"panel-grid-cell\" ><div id=\"panel-436-0-0-0\" class=\"so-panel widget widget_sow-headline panel-first-child panel-last-child\" data-index=\"0\" ><div\n\t\t\t\n\t\t\tclass=\"so-widget-sow-headline so-widget-sow-headline-default-08ca780a4db4-436 so-widget-fittext-wrapper\"\n\t\t\t data-fit-text-compressor=\"0.85\"\n\t\t><div class=\"sow-headline-container \">\n\t\t\t\t\t\t\t<h3 class=\"sow-sub-headline\">\n\t\t\t\t\t\tIl CLA \u00e8 socio CercleS (European Confederation of Language Centres in Higher Education)\t\t\t\t\t\t<\/h3>\n\t\t\t\t\t\t\t\t\t\t\t<div class=\"decoration\">\n\t\t\t\t\t\t<div class=\"decoration-inside\"><\/div>\n\t\t\t\t\t<\/div>\n\t\t\t\t\t<\/div>\n<\/div><\/div><\/div><\/div><div id=\"pg-436-1\"  class=\"panel-grid panel-no-style\" ><div id=\"pgc-436-1-0\"  class=\"panel-grid-cell\" ><div id=\"panel-436-1-0-0\" class=\"so-panel widget widget_sow-editor panel-first-child\" data-index=\"1\" ><div\n\t\t\t\n\t\t\tclass=\"so-widget-sow-editor so-widget-sow-editor-base\"\n\t\t\t\n\t\t>\n<div class=\"siteorigin-widget-tinymce textwidget\">\n\t<p style=\"text-align: center;\">\n<p>Il CLA \u00e8 socio CercleS (European Confederation of Language Centres in Higher Education) e ha ospitato la Vice-Presidenza Europea della Confederazione fino a Marzo 2023.<\/p>\n<p>Ulteriori informazioni relative all'Executive, ai Soci e alle attivit\u00e0 che il CercleS svolge si possono visualizzare <a href=\"https:\/\/cercles.org\">sul sito della Confederazione<\/a><\/p>\n<\/div>\n<\/div><\/div><div id=\"panel-436-1-0-1\" class=\"so-panel widget widget_sow-accordion\" data-index=\"2\" ><div\n\t\t\t\n\t\t\tclass=\"so-widget-sow-accordion so-widget-sow-accordion-default-99be652ed941-436\"\n\t\t\t\n\t\t><h3 class=\"widget-title\">Info<\/h3><div>\n\t<div class=\"sow-accordion\">\n\t\t\t<div class=\"sow-accordion-panel\n\t\t\t\t\t\"\n\t\t\t\tdata-anchor-id=\"contatti\">\n\t\t\t\t\t<div class=\"sow-accordion-panel-header-container\" role=\"heading\" aria-level=\"2\">\n\t\t\t\t\t<div class=\"sow-accordion-panel-header\" tabindex=\"0\" role=\"button\" id=\"accordion-label-contatti\" aria-controls=\"accordion-content-contatti\" aria-expanded=\"false\">\n\t\t\t\t\t\t<div class=\"sow-accordion-title sow-accordion-title-icon-left\">\n\t\t\t\t\t\t\t\t\t\t\t\t\t\tContatti\t\t\t\t\t\t\t\t\t\t\t\t\t<\/div>\n\t\t\t\t\t\t<div class=\"sow-accordion-open-close-button\">\n\t\t\t\t\t\t\t<div class=\"sow-accordion-open-button\">\n\t\t\t\t\t\t\t\t<span class=\"sow-icon-ionicons\" data-sow-icon=\"&#xf218;\"\n\t\t \n\t\taria-hidden=\"true\"><\/span>\t\t\t\t\t\t\t<\/div>\n\t\t\t\t\t\t\t<div class=\"sow-accordion-close-button\">\n\t\t\t\t\t\t\t\t<span class=\"sow-icon-ionicons\" data-sow-icon=\"&#xf209;\"\n\t\t \n\t\taria-hidden=\"true\"><\/span>\t\t\t\t\t\t\t<\/div>\n\t\t\t\t\t\t<\/div>\n\t\t\t\t\t<\/div>\n\t\t\t\t<\/div>\n\n\t\t\t<div\n\t\t\t\tclass=\"sow-accordion-panel-content\"\n\t\t\t\trole=\"region\"\n\t\t\t\taria-labelledby=\"accordion-label-contatti\"\n\t\t\t\tid=\"accordion-content-contatti\"\n\t\t\t\tstyle=\"display: none;\"\t\t\t>\n\t\t\t\t<div class=\"sow-accordion-panel-border\">\n\t\t\t\t\t<p>Per maggiori informazioni:<\/p>\n<p style=\"font-weight: 400;\"><b>Presidency:<\/b><\/p>\n<p style=\"font-weight: 400;\">University of Zurich UZH<br \/>\nLanguage Center of the University of Zurich and ETH Zurich<br \/>\nCH-R\u00e4mistrasse 71<br \/>\n8006 Z\u00fcrich,\u00a0Switzerland<br \/>\ntel.\u00a0<a href=\"https:\/\/www.cercles.org\/+41%2044,%206345280\">+41 44, 6345280<\/a><br \/>\ne-mail:\u00a0<a href=\"mailto:president@cercles.org\">president@cercles.org<\/a><\/p>\n<p style=\"font-weight: 400;\">___________________________________<\/p>\n<p style=\"font-weight: 400;\"><b>General Secretariat:<\/b><\/p>\n<p>Universit\u00e9 de Lorraine<br \/>\nUFR Lansad (Langues pour Sp\u00e9cialistes d\u2019Autres Disciplines)<br \/>\nCLSH - 23 Boulevard Albert 1er - B.P. 60546<br \/>\n54005 NANCY CEDEX, France<br \/>\ne-mail:\u00a0<a href=\"mailto:generalsecretariat@cercles.org\">generalsecretariat@cercles.org<\/a><\/p>\n<p style=\"font-weight: 400;\">___________________________________<\/p>\n<p style=\"font-weight: 400;\"><b>For\u00a0general information about CercleS (becoming a member, membership fees, upcoming\u00a0events), please contact:<\/b><\/p>\n<p style=\"font-weight: 400;\">Dr. Anne Chateau\u00a0-\u00a0<a href=\"mailto:generalsecretariat@cercles.org\">generalsecretariat@cercles.org<\/a><\/p>\n<p style=\"font-weight: 400;\">\n<\/p>\t\t\t\t<\/div>\n\t\t\t<\/div>\n\t\t<\/div>\n\t\t<\/div>\n<\/div>\n<\/div><\/div><div id=\"panel-436-1-0-2\" class=\"so-panel widget widget_lsow-posts-carousel panel-last-child\" data-index=\"3\" ><div\n\t\t\t\n\t\t\tclass=\"so-widget-lsow-posts-carousel so-widget-lsow-posts-carousel-default-3dd089290af6-436\"\n\t\t\t\n\t\t><h3 class=\"widget-title\">Novit\u00e0 da CercleS<\/h3><div id=\"lsow-posts-carousel-69db316057e01\" class=\"lsow-posts-carousel lsow-container\" data-settings='{\"arrows\":true,\"autoplay_speed\":3000,\"animation_speed\":300,\"pause_on_hover\":true,\"display_columns\":3,\"scroll_columns\":3,\"gutter\":10,\"so_field_container_state\":\"open\",\"dots\":false,\"autoplay\":false,\"customize\":\"\",\"tablet_width\":800,\"tablet_display_columns\":2,\"tablet_scroll_columns\":2,\"mobile_width\":480,\"mobile_display_columns\":1,\"mobile_scroll_columns\":1}'><div data-id=\"id-4938\" class=\"lsow-posts-carousel-item\"><article id=\"post-4938\" class=\"post-4938 post type-post status-publish format-standard hentry category-in-evidenza category-notizie-cla category-novita-cercles entry\"><div class=\"lsow-entry-text-wrap  nothumbnail\"><h3 class=\"entry-title\"><a href=\"https:\/\/cla.unical.it\/fr\/innovation-in-language-learning-international-conference\/\" title=\"Innovation in Language Learning International Conference\" target=\"_self\" rel=\"bookmark\">Innovation in Language Learning International Conference<\/a><\/h3><div class=\"entry-summary\">The 16th edition of the Innovation in Language Learning International Conference will take place on 09-10 November 2023. The objective of the Conference is to promote transnational cooperation and share good practice in the field of the application of Information and Communication Technologies (ICT) to Language Learning and Teaching. The Innovation in Language Learning Conference [&hellip;]<\/div><\/div><\/article><!-- .hentry --><\/div><!-- .lsow-posts-carousel-item --><div data-id=\"id-4435\" class=\"lsow-posts-carousel-item\"><article id=\"post-4435\" class=\"post-4435 post type-post status-publish format-standard hentry category-notizie-cla category-novita-cercles entry\"><div class=\"lsow-entry-text-wrap  nothumbnail\"><h3 class=\"entry-title\"><a href=\"https:\/\/cla.unical.it\/fr\/cercles-news-introducing-the-teachers-meetup\/\" title=\"CercleS News &#8211; Introducing the Teachers&rsquo; Meetup!\" target=\"_self\" rel=\"bookmark\">CercleS News &#8211; Introducing the Teachers&rsquo; Meetup!<\/a><\/h3><div class=\"entry-summary\">Dear friends, dear colleagues, We wish you a happy, healthy and fulfilling new year! Please see below a call to an exciting new initiative focused on language teachers, which kicks off on 24 January at 17:00 CET. We also want to remind you to visit the\u00a0news section\u00a0on our website for up-to-date information about training opportunities, [&hellip;]<\/div><\/div><\/article><!-- .hentry --><\/div><!-- .lsow-posts-carousel-item --><div data-id=\"id-4357\" class=\"lsow-posts-carousel-item\"><article id=\"post-4357\" class=\"post-4357 post type-post status-publish format-standard hentry category-novita-cercles entry\"><div class=\"lsow-entry-text-wrap  nothumbnail\"><h3 class=\"entry-title\"><a href=\"https:\/\/cla.unical.it\/fr\/cercles-e-bulletin-nr-9-december-2022\/\" title=\"CercleS e-bulletin nr 9 (December 2022)\" target=\"_self\" rel=\"bookmark\">CercleS e-bulletin nr 9 (December 2022)<\/a><\/h3><div class=\"entry-summary\">Dear friends, dear colleagues, We are happy to share with you the CercleS e-bulletin for December 2022. In this edition, we share some reflections on our Conference in Porto, specifically the Round Table, which focused on the future challenges of CercleS. You will also find the regular updates from the President, Vice-President, Secretary General and [&hellip;]<\/div><\/div><\/article><!-- .hentry --><\/div><!-- .lsow-posts-carousel-item --><div data-id=\"id-4336\" class=\"lsow-posts-carousel-item\"><article id=\"post-4336\" class=\"post-4336 post type-post status-publish format-standard hentry category-novita-cercles entry\"><div class=\"lsow-entry-text-wrap  nothumbnail\"><h3 class=\"entry-title\"><a href=\"https:\/\/cla.unical.it\/fr\/cercles-news-21-november-2022\/\" title=\"CercleS News &#8211; 21 November 2022\" target=\"_self\" rel=\"bookmark\">CercleS News &#8211; 21 November 2022<\/a><\/h3><div class=\"entry-summary\">Dear friends, dear colleagues, Please take note of the upcoming LLHE webinar, information about accessing LLHE articles via the CercleS website (we know some members have had problems with this), and details about conferences, calls for papers, job vacancies, and the results of the CercleS COVID-19 survey. \u200c \u200c \u200c \u200c \u200c Call for Papers [&hellip;]<\/div><\/div><\/article><!-- .hentry --><\/div><!-- .lsow-posts-carousel-item --><div data-id=\"id-3952\" class=\"lsow-posts-carousel-item\"><article id=\"post-3952\" class=\"post-3952 post type-post status-publish format-standard hentry category-novita-aiclu entry\"><div class=\"lsow-entry-text-wrap  nothumbnail\"><h3 class=\"entry-title\"><a href=\"https:\/\/cla.unical.it\/fr\/seminario-di-studi-unical-13-e-14-ottobre-2022\/\" title=\"Seminario di Studi UNICAL &#8211; 13 e 14 ottobre 2022\" target=\"_self\" rel=\"bookmark\">Seminario di Studi UNICAL &#8211; 13 e 14 ottobre 2022<\/a><\/h3><div class=\"entry-summary\">Gentili Socie e Soci, ringrazio quanti tra di voi hanno inviato la scheda di partecipazione al Seminario di Studi che si terr\u00e0 il 13 e ilFwd 14 Ottobre 2022 presso l&rsquo;Universit\u00e0 della Calabria. Invio in allegato la Brochure che d\u00e0 indicazioni generali sull&rsquo;organizzazione. Vi informo, inoltre, che abbiamo aperto uno spazio dedicato al Seminario\u00a0QUI\u00a0dove troverete [&hellip;]<\/div><\/div><\/article><!-- .hentry --><\/div><!-- .lsow-posts-carousel-item --><div data-id=\"id-3723\" class=\"lsow-posts-carousel-item\"><article id=\"post-3723\" class=\"post-3723 post type-post status-publish format-standard hentry category-novita-aiclu entry\"><div class=\"lsow-entry-text-wrap  nothumbnail\"><h3 class=\"entry-title\"><a href=\"https:\/\/cla.unical.it\/fr\/seminario-di-studi-25-anni-insieme-tra-cla-e-aiclu-riflessioni-su-un-percorso-didattico-e-di-ricerca-multilinguistica-e-interculturale-universita-della-calabria-13-14-ottobre-2022\/\" title=\"Seminario di Studi \u00ab\u00a025 anni insieme tra CLA e AICLU: riflessioni su un percorso didattico e di ricerca multilinguistica e interculturale\u00a0\u00bb &#8211; Universit\u00e0 della Calabria &#8211; 13\/14 ottobre 2022\" target=\"_self\" rel=\"bookmark\">Seminario di Studi \u00ab\u00a025 anni insieme tra CLA e AICLU: riflessioni su un percorso didattico e di ricerca multilinguistica e interculturale\u00a0\u00bb &#8211; Universit\u00e0 della Calabria &#8211; 13\/14 ottobre 2022<\/a><\/h3><div class=\"entry-summary\">Invito al Seminario di Studi 25 anni insieme tra CLA e AICLU_UniCal 2022_Scheda di partecipazione [pdf-embedder url=\u00a0\u00bbhttps:\/\/cla.unical.it\/wp-content\/uploads\/2022\/09\/Invito-al-Seminario-di-Studi-25-anni-insieme-tra-CLA-e-AICLU_UniCal-2022.pdf\u00a0\u00bb title=\u00a0\u00bbInvito al Seminario di Studi 25 anni insieme tra CLA e AICLU_UniCal 2022&Prime;]<\/div><\/div><\/article><!-- .hentry --><\/div><!-- .lsow-posts-carousel-item --><div data-id=\"id-3678\" class=\"lsow-posts-carousel-item\"><article id=\"post-3678\" class=\"post-3678 post type-post status-publish format-standard hentry category-novita-aiclu entry\"><div class=\"lsow-entry-text-wrap  nothumbnail\"><h3 class=\"entry-title\"><a href=\"https:\/\/cla.unical.it\/fr\/cla-di-roma-2-relativo-alla-procedura-pubblica-selettiva-per-titoli-e-colloquio-per-il-reclutamento-di-un-collaboratore-ed-esperto-linguistico-di-madrelingua-russa\/\" title=\"CLA di Roma 2 relativo alla Procedura pubblica selettiva, per titoli e colloquio, per il reclutamento di un collaboratore ed esperto linguistico\u00a0di madrelingua russa\" target=\"_self\" rel=\"bookmark\">CLA di Roma 2 relativo alla Procedura pubblica selettiva, per titoli e colloquio, per il reclutamento di un collaboratore ed esperto linguistico\u00a0di madrelingua russa<\/a><\/h3><div class=\"entry-summary\">Riceviamo e trasmettiamo il messaggio da parte del CLA di Roma 2 relativo alla Procedura pubblica selettiva, per titoli e colloquio, per il reclutamento di un collaboratore ed esperto linguistico\u00a0di madrelingua russa\u00a0da assumere con contratto di lavoro a tempo determinato della durata di 36 mesi, per le esigenze del Centro Linguistico di Ateneo (CLA) dell\u2019Universit\u00e0 [&hellip;]<\/div><\/div><\/article><!-- .hentry --><\/div><!-- .lsow-posts-carousel-item --><div data-id=\"id-3687\" class=\"lsow-posts-carousel-item\"><article id=\"post-3687\" class=\"post-3687 post type-post status-publish format-standard hentry category-novita-aiclu entry\"><div class=\"lsow-entry-text-wrap  nothumbnail\"><h3 class=\"entry-title\"><a href=\"https:\/\/cla.unical.it\/fr\/international-conference-on-new-trends-in-english-language-teaching-learning-and-education-26-27-september-2022-unior-summer-school-of-procida-italy\/\" title=\"International Conference on New Trends in English Language Teaching, Learning and Education, 26-27 September 2022, UniOR Summer School of Procida (Italy)\" target=\"_self\" rel=\"bookmark\">International Conference on New Trends in English Language Teaching, Learning and Education, 26-27 September 2022, UniOR Summer School of Procida (Italy)<\/a><\/h3><div class=\"entry-summary\">Il Comitato Direttivo del CLAOR \u00e8 lieto di comunicarvi che nei giorni 26 e 27 settembre 2022 si terr\u00e0, presso la sede della Summer School dell&rsquo;Universit\u00e0 di Napoli L&rsquo;Orientale, nell&rsquo;isola di Procida, la conferenza internazionale NEW TRENDS IN ENGLISH LANGUAGE TEACHING, LEARNING AND EDUCATION. Informazioni sulla Conferenza, sulle modalit\u00e0 di partecipazione sono disponibili al sito:\u00a0https:\/\/www.unior.it\/ateneo\/31221\/1\/international-elt-conference-new-trends-in-english-language-teaching-learning-and-education.html<\/div><\/div><\/article><!-- .hentry --><\/div><!-- .lsow-posts-carousel-item --><div data-id=\"id-3684\" class=\"lsow-posts-carousel-item\"><article id=\"post-3684\" class=\"post-3684 post type-post status-publish format-standard hentry category-novita-aiclu entry\"><div class=\"lsow-entry-text-wrap  nothumbnail\"><h3 class=\"entry-title\"><a href=\"https:\/\/cla.unical.it\/fr\/convegno-ilsa-cla-firenze\/\" title=\"Convegno ILSA-Cla Firenze\" target=\"_self\" rel=\"bookmark\">Convegno ILSA-Cla Firenze<\/a><\/h3><div class=\"entry-summary\">[pdf-embedder url=\u00a0\u00bbhttps:\/\/cla.unical.it\/wp-content\/uploads\/2022\/09\/ILSA-CLA_Programma_XXIX_Convegno_2022_DEF.pdf\u00a0\u00bb]<\/div><\/div><\/article><!-- .hentry --><\/div><!-- .lsow-posts-carousel-item --><div data-id=\"id-3680\" class=\"lsow-posts-carousel-item\"><article id=\"post-3680\" class=\"post-3680 post type-post status-publish format-standard hentry category-notizie-cla category-novita-aiclu entry\"><div class=\"lsow-entry-text-wrap  nothumbnail\"><h3 class=\"entry-title\"><a href=\"https:\/\/cla.unical.it\/fr\/ultimi-documenti-aiclu-online\/\" title=\"Ultimi documenti AICLU online\" target=\"_self\" rel=\"bookmark\">Ultimi documenti AICLU online<\/a><\/h3><div class=\"entry-summary\">A\u00a0questa pagina\u00a0potrete trovare gli ultimi file caricati sul sito della nostra Associazione relativi al verbale dell&rsquo;Assemblea dei Soci &#8211; che si \u00e8 svolta a Milano lo scorso 9 giugno &#8211; e il nuovo documento di indirizzo AICLU riguardante le certificazioni linguistiche.<\/div><\/div><\/article><!-- .hentry --><\/div><!-- .lsow-posts-carousel-item --><\/div><!-- .lsow-posts-carousel --><\/div><\/div><\/div><\/div><\/div>","protected":false},"excerpt":{"rendered":"<p>Il CLA \u00e8 socio CercleS (European Confederation of Language Centres in Higher Education) e ha ospitato la Vice-Presidenza Europea della Confederazione fino a Marzo 2023. Ulteriori informazioni relative all&rsquo;Executive, ai Soci e alle attivit\u00e0 che il CercleS svolge si possono visualizzare sul sito della Confederazione<\/p>\n","protected":false},"author":1,"featured_media":0,"parent":0,"menu_order":4,"comment_status":"closed","ping_status":"closed","template":"page-nosidebar.php","meta":{"footnotes":""},"class_list":["post-436","page","type-page","status-publish","hentry","entry"],"_links":{"self":[{"href":"https:\/\/cla.unical.it\/fr\/wp-json\/wp\/v2\/pages\/436","targetHints":{"allow":["GET"]}}],"collection":[{"href":"https:\/\/cla.unical.it\/fr\/wp-json\/wp\/v2\/pages"}],"about":[{"href":"https:\/\/cla.unical.it\/fr\/wp-json\/wp\/v2\/types\/page"}],"author":[{"embeddable":true,"href":"https:\/\/cla.unical.it\/fr\/wp-json\/wp\/v2\/users\/1"}],"replies":[{"embeddable":true,"href":"https:\/\/cla.unical.it\/fr\/wp-json\/wp\/v2\/comments?post=436"}],"version-history":[{"count":33,"href":"https:\/\/cla.unical.it\/fr\/wp-json\/wp\/v2\/pages\/436\/revisions"}],"predecessor-version":[{"id":8248,"href":"https:\/\/cla.unical.it\/fr\/wp-json\/wp\/v2\/pages\/436\/revisions\/8248"}],"wp:attachment":[{"href":"https:\/\/cla.unical.it\/fr\/wp-json\/wp\/v2\/media?parent=436"}],"curies":[{"name":"wp","href":"https:\/\/api.w.org\/{rel}","templated":true}]}}