{"id":686,"date":"2020-12-21T13:14:52","date_gmt":"2020-12-21T12:14:52","guid":{"rendered":"http:\/\/cla.unical.it\/?page_id=686"},"modified":"2026-03-18T12:41:48","modified_gmt":"2026-03-18T11:41:48","slug":"laboratori-per-il-multilinguismo","status":"publish","type":"page","link":"https:\/\/cla.unical.it\/fr\/servizi-linguistici\/laboratori-per-il-multilinguismo\/","title":{"rendered":"Laboratori per il multilinguismo"},"content":{"rendered":"<div id=\"pl-686\"  class=\"panel-layout\" ><div id=\"pg-686-0\"  class=\"panel-grid panel-has-style\" ><div class=\"siteorigin-panels-stretch panel-row-style panel-row-style-for-686-0\" data-stretch-type=\"full\" ><div id=\"pgc-686-0-0\"  class=\"panel-grid-cell\" ><div id=\"panel-686-0-0-0\" class=\"so-panel widget widget_sow-editor panel-first-child\" data-index=\"0\" ><div\n\t\t\t\n\t\t\tclass=\"so-widget-sow-editor so-widget-sow-editor-base\"\n\t\t\t\n\t\t>\n<div class=\"siteorigin-widget-tinymce textwidget\">\n\t<h3 style=\"text-align: center;\"><i class=\"it-comment\"><\/i>I Laboratori<\/h3>\n<\/div>\n<\/div><\/div><div id=\"panel-686-0-0-1\" class=\"so-panel widget widget_sow-accordion\" data-index=\"1\" ><div\n\t\t\t\n\t\t\tclass=\"so-widget-sow-accordion so-widget-sow-accordion-default-5674beebb4fa-686\"\n\t\t\t\n\t\t><h3 class=\"widget-title\">Italiano L2, Lingua Cinese Mandarino, Lingua e cultura giapponese, Lingua Araba<\/h3><div>\n\t<div class=\"sow-accordion\">\n\t\t\t<div class=\"sow-accordion-panel\n\t\t\t\t\t\"\n\t\t\t\tdata-anchor-id=\"italiano-l2\">\n\t\t\t\t\t<div class=\"sow-accordion-panel-header-container\" role=\"heading\" aria-level=\"2\">\n\t\t\t\t\t<div class=\"sow-accordion-panel-header\" tabindex=\"0\" role=\"button\" id=\"accordion-label-italiano-l2\" aria-controls=\"accordion-content-italiano-l2\" aria-expanded=\"false\">\n\t\t\t\t\t\t<div class=\"sow-accordion-title sow-accordion-title-icon-left\">\n\t\t\t\t\t\t\t\t\t\t\t\t\t\tItaliano L2\t\t\t\t\t\t\t\t\t\t\t\t\t<\/div>\n\t\t\t\t\t\t<div class=\"sow-accordion-open-close-button\">\n\t\t\t\t\t\t\t<div class=\"sow-accordion-open-button\">\n\t\t\t\t\t\t\t\t<span class=\"sow-icon-ionicons\" data-sow-icon=\"&#xf218;\"\n\t\t \n\t\taria-hidden=\"true\"><\/span>\t\t\t\t\t\t\t<\/div>\n\t\t\t\t\t\t\t<div class=\"sow-accordion-close-button\">\n\t\t\t\t\t\t\t\t<span class=\"sow-icon-ionicons\" data-sow-icon=\"&#xf209;\"\n\t\t \n\t\taria-hidden=\"true\"><\/span>\t\t\t\t\t\t\t<\/div>\n\t\t\t\t\t\t<\/div>\n\t\t\t\t\t<\/div>\n\t\t\t\t<\/div>\n\n\t\t\t<div\n\t\t\t\tclass=\"sow-accordion-panel-content\"\n\t\t\t\trole=\"region\"\n\t\t\t\taria-labelledby=\"accordion-label-italiano-l2\"\n\t\t\t\tid=\"accordion-content-italiano-l2\"\n\t\t\t\tstyle=\"display: none;\"\t\t\t>\n\t\t\t\t<div class=\"sow-accordion-panel-border\">\n\t\t\t\t\t<p style=\"text-align: justify;\">Una delle opportunit\u00e0 che il Centro Linguistico di Ateneo offre \u00e8 quella di migliorare le conoscenze della Lingua Italiana attraverso il corso Italiano L2, offerto agli studenti internazionali.<\/p>\n<h4 style=\"text-align: justify;\">Come si fa per partecipare?<\/h4>\n<ul>\n<li style=\"text-align: justify;\">All\u2019inizio di ogni anno accademico gli studenti internazionali sono invitati a partecipare al test d\u2019ingresso per essere suddivisi in gruppi in base al livello di conoscenza della lingua; ogni corso ha una durata di 80 ore. Gli esterni devono produrre una formale registrazione presso il Centro Linguistico di Ateneo.<\/li>\n<\/ul>\n<h4 style=\"text-align: justify;\">Si tratta solo di didattica frontale?<\/h4>\n<ul>\n<li style=\"text-align: justify;\">Non solo! Anche per Italiano L2 \u00e8 previsto il percorso di \u201cstudio in autonomia\u201d: materiale online sulla piattaforma del sito ola.cla.Unical.it, sezione <strong>studio in autonomia<\/strong>. Una vera e propria opportunit\u00e0 quella del \u201cSelf Study\u201d\/ Quella del self study \u00e8 una vera e propria opportunit\u00e0 che si basa sulla consapevolezza che lo studente riconosca i suoi punti di forza e di debolezza e possa in questo modo, autonomamente, scegliere di esercitare una specifica abilit\u00e0 in cui si sente meno sicuro.<\/li>\n<\/ul>\n<h4 style=\"text-align: justify;\">\u00c8 previsto un attestato finale?<\/h4>\n<ul>\n<li style=\"text-align: justify;\">Al termine del positivo superamento della Prova di livello di competenza (secondo il QCER, 2001\/2017) i partecipanti al corso otterranno una attestazione di livello di conoscenza della lingua.<\/li>\n<\/ul>\n\t\t\t\t<\/div>\n\t\t\t<\/div>\n\t\t<\/div>\n\t\t\t<div class=\"sow-accordion-panel\n\t\t\t\t\t\"\n\t\t\t\tdata-anchor-id=\"lingua-cinese-mandarino\">\n\t\t\t\t\t<div class=\"sow-accordion-panel-header-container\" role=\"heading\" aria-level=\"2\">\n\t\t\t\t\t<div class=\"sow-accordion-panel-header\" tabindex=\"0\" role=\"button\" id=\"accordion-label-lingua-cinese-mandarino\" aria-controls=\"accordion-content-lingua-cinese-mandarino\" aria-expanded=\"false\">\n\t\t\t\t\t\t<div class=\"sow-accordion-title sow-accordion-title-icon-left\">\n\t\t\t\t\t\t\t\t\t\t\t\t\t\tLingua Cinese Mandarino\t\t\t\t\t\t\t\t\t\t\t\t\t<\/div>\n\t\t\t\t\t\t<div class=\"sow-accordion-open-close-button\">\n\t\t\t\t\t\t\t<div class=\"sow-accordion-open-button\">\n\t\t\t\t\t\t\t\t<span class=\"sow-icon-ionicons\" data-sow-icon=\"&#xf218;\"\n\t\t \n\t\taria-hidden=\"true\"><\/span>\t\t\t\t\t\t\t<\/div>\n\t\t\t\t\t\t\t<div class=\"sow-accordion-close-button\">\n\t\t\t\t\t\t\t\t<span class=\"sow-icon-ionicons\" data-sow-icon=\"&#xf209;\"\n\t\t \n\t\taria-hidden=\"true\"><\/span>\t\t\t\t\t\t\t<\/div>\n\t\t\t\t\t\t<\/div>\n\t\t\t\t\t<\/div>\n\t\t\t\t<\/div>\n\n\t\t\t<div\n\t\t\t\tclass=\"sow-accordion-panel-content\"\n\t\t\t\trole=\"region\"\n\t\t\t\taria-labelledby=\"accordion-label-lingua-cinese-mandarino\"\n\t\t\t\tid=\"accordion-content-lingua-cinese-mandarino\"\n\t\t\t\tstyle=\"display: none;\"\t\t\t>\n\t\t\t\t<div class=\"sow-accordion-panel-border\">\n\t\t\t\t\t<p>Il Centro Linguistico di Ateneo, nell\u2019ottica del Multilinguismo, organizza un Laboratorio di Lingua Cinese Mandarino.<\/p>\n<h4>A chi \u00e8 rivolto?<\/h4>\n<ul>\n<li>A coloro che fossero interessati ad acquisire competenze linguistiche nella Lingua Cinese Mandarino e che vogliono cogliere l\u2019opportunit\u00e0 di conoscere un nuovo paese, acquisire competenze linguistiche, conoscere una cultura differente da quella occidentale attraverso tradizioni, musica, fumetti, cucina e tanto altro.<\/li>\n<\/ul>\n<h4>Perch\u00e9 il laboratorio si avvii c\u2019\u00e8 bisogno di un numero minimo di partecipanti?<\/h4>\n<ul>\n<li>S\u00ec, il laboratorio potr\u00e0 attivarsi con un minimo di venti iscritti.<\/li>\n<\/ul>\n<h4>Quali sono i costi?<\/h4>\n<ul>\n<li>I Laboratori per il Multilinguismo sono erogati, in forma gratuita.<\/li>\n<\/ul>\n\t\t\t\t<\/div>\n\t\t\t<\/div>\n\t\t<\/div>\n\t\t\t<div class=\"sow-accordion-panel\n\t\t\t\t\t\"\n\t\t\t\tdata-anchor-id=\"lingua-e-cultura-giapponese\">\n\t\t\t\t\t<div class=\"sow-accordion-panel-header-container\" role=\"heading\" aria-level=\"2\">\n\t\t\t\t\t<div class=\"sow-accordion-panel-header\" tabindex=\"0\" role=\"button\" id=\"accordion-label-lingua-e-cultura-giapponese\" aria-controls=\"accordion-content-lingua-e-cultura-giapponese\" aria-expanded=\"false\">\n\t\t\t\t\t\t<div class=\"sow-accordion-title sow-accordion-title-icon-left\">\n\t\t\t\t\t\t\t\t\t\t\t\t\t\tLingua e Cultura Giapponese\t\t\t\t\t\t\t\t\t\t\t\t\t<\/div>\n\t\t\t\t\t\t<div class=\"sow-accordion-open-close-button\">\n\t\t\t\t\t\t\t<div class=\"sow-accordion-open-button\">\n\t\t\t\t\t\t\t\t<span class=\"sow-icon-ionicons\" data-sow-icon=\"&#xf218;\"\n\t\t \n\t\taria-hidden=\"true\"><\/span>\t\t\t\t\t\t\t<\/div>\n\t\t\t\t\t\t\t<div class=\"sow-accordion-close-button\">\n\t\t\t\t\t\t\t\t<span class=\"sow-icon-ionicons\" data-sow-icon=\"&#xf209;\"\n\t\t \n\t\taria-hidden=\"true\"><\/span>\t\t\t\t\t\t\t<\/div>\n\t\t\t\t\t\t<\/div>\n\t\t\t\t\t<\/div>\n\t\t\t\t<\/div>\n\n\t\t\t<div\n\t\t\t\tclass=\"sow-accordion-panel-content\"\n\t\t\t\trole=\"region\"\n\t\t\t\taria-labelledby=\"accordion-label-lingua-e-cultura-giapponese\"\n\t\t\t\tid=\"accordion-content-lingua-e-cultura-giapponese\"\n\t\t\t\tstyle=\"display: none;\"\t\t\t>\n\t\t\t\t<div class=\"sow-accordion-panel-border\">\n\t\t\t\t\t<p>La Lingua Giapponese \u00e8 una lingua affascinante ed \u00e8 anche un\u2019importante chiave d\u2019ingresso alla comprensione della vita quotidiana del Giappone e dei vari aspetti della sua cultura.<\/p>\n<h4>Quali aspetti indaga questo laboratorio?<\/h4>\n<ul>\n<li>Il Laboratorio volge lo sguardo su tradizioni, musica, fumetti, cucina e tanto altro. L\u2019iniziativa proposta dal Centro Linguistico mira \u00e8 rivolta a sensibilizzare il territorio verso la cultura giapponese, ma con uno sguardo particolarmente attento a ci\u00f2 che essa rappresenta nella societ\u00e0 contemporanea.<\/li>\n<\/ul>\n<h4>A chi \u00e8 rivolto?<\/h4>\n<ul>\n<li>\u00c8 rivolto agli interessati ad acquisire competenze linguistiche.<\/li>\n<\/ul>\n<h4>C\u2019\u00e8 un numero minimo di partecipanti per l\u2019attivazione del laboratorio?<\/h4>\n<ul>\n<li>Il laboratorio potr\u00e0 attivarsi con un minimo di venti iscritti.<\/li>\n<\/ul>\n<h4>Ci sono dei costi da sostenere?<\/h4>\n<ul>\n<li>I Laboratori per il Multilinguismo sono erogati, in forma gratuita, per la comunit\u00e0 accademica.<\/li>\n<\/ul>\n\t\t\t\t<\/div>\n\t\t\t<\/div>\n\t\t<\/div>\n\t\t\t<div class=\"sow-accordion-panel\n\t\t\t\t\t\"\n\t\t\t\tdata-anchor-id=\"lingua-araba\">\n\t\t\t\t\t<div class=\"sow-accordion-panel-header-container\" role=\"heading\" aria-level=\"2\">\n\t\t\t\t\t<div class=\"sow-accordion-panel-header\" tabindex=\"0\" role=\"button\" id=\"accordion-label-lingua-araba\" aria-controls=\"accordion-content-lingua-araba\" aria-expanded=\"false\">\n\t\t\t\t\t\t<div class=\"sow-accordion-title sow-accordion-title-icon-left\">\n\t\t\t\t\t\t\t\t\t\t\t\t\t\tLingua Araba\t\t\t\t\t\t\t\t\t\t\t\t\t<\/div>\n\t\t\t\t\t\t<div class=\"sow-accordion-open-close-button\">\n\t\t\t\t\t\t\t<div class=\"sow-accordion-open-button\">\n\t\t\t\t\t\t\t\t<span class=\"sow-icon-ionicons\" data-sow-icon=\"&#xf218;\"\n\t\t \n\t\taria-hidden=\"true\"><\/span>\t\t\t\t\t\t\t<\/div>\n\t\t\t\t\t\t\t<div class=\"sow-accordion-close-button\">\n\t\t\t\t\t\t\t\t<span class=\"sow-icon-ionicons\" data-sow-icon=\"&#xf209;\"\n\t\t \n\t\taria-hidden=\"true\"><\/span>\t\t\t\t\t\t\t<\/div>\n\t\t\t\t\t\t<\/div>\n\t\t\t\t\t<\/div>\n\t\t\t\t<\/div>\n\n\t\t\t<div\n\t\t\t\tclass=\"sow-accordion-panel-content\"\n\t\t\t\trole=\"region\"\n\t\t\t\taria-labelledby=\"accordion-label-lingua-araba\"\n\t\t\t\tid=\"accordion-content-lingua-araba\"\n\t\t\t\tstyle=\"display: none;\"\t\t\t>\n\t\t\t\t<div class=\"sow-accordion-panel-border\">\n\t\t\t\t\t<div style=\"text-align: justify;\">Il Laboratorio di Lingua Araba viene organizzato dal Centro Linguistico di Ateneo, sempre nell\u2019ottica del Multilinguismo, per offrire competenze linguistiche affrontando i temi pi\u00f9 vari. Nel corso degli incontri si spazier\u00e0 dalla fiction, alle diversit\u00e0 dialettali, alla storia per far s\u00ec che i partecipanti prendano sempre pi\u00f9 contezza di una cultura affascinante come quella araba.<\/div>\n<div><\/div>\n<h4 style=\"text-align: justify;\">A chi \u00e8 rivolto?<\/h4>\n<ul>\n<li style=\"text-align: justify;\">Il Laboratorio \u00e8 rivolto sia alla comunit\u00e0 accademica che al territorio, per tutti coloro che volessero acquisire delle competenze linguistiche e avere maggiore contezza di una realt\u00e0 affascinante come quella che caratterizza la cultura araba spaziando attraverso i temi delle tradizioni, della cultura, della cucina e della musica.<\/li>\n<\/ul>\n<h4 style=\"text-align: justify;\">Qual \u00e8 il numero minimo di partecipanti?<\/h4>\n<ul>\n<li style=\"text-align: justify;\">Il laboratorio potr\u00e0 prendere il via con un minimo di venti iscritti.<\/li>\n<\/ul>\n<h4 style=\"text-align: justify;\">Ci sono dei costi da sostenere?<\/h4>\n<ul>\n<li style=\"text-align: justify;\">Il Laboratorio di Lingua Araba, come tutti i Laboratori per il Multilinguismo, sono erogati in forma gratuita per la comunit\u00e0 accademica.<\/li>\n<\/ul>\n<div class=\"yj6qo ajU\"><\/div>\n\t\t\t\t<\/div>\n\t\t\t<\/div>\n\t\t<\/div>\n\t\t<\/div>\n<\/div>\n<\/div><\/div><div id=\"panel-686-0-0-2\" class=\"so-panel widget panel-last-child\" data-index=\"2\" ><\/div><\/div><\/div><\/div><div id=\"pg-686-1\"  class=\"panel-grid panel-has-style\" ><div class=\"siteorigin-panels-stretch panel-row-style panel-row-style-for-686-1\" data-stretch-type=\"full\" ><div id=\"pgc-686-1-0\"  class=\"panel-grid-cell\" ><div id=\"panel-686-1-0-0\" class=\"so-panel widget widget_text panel-first-child\" data-index=\"3\" ><h3 class=\"widget-title\">Orari e Notizie relative ai Laboratori per il Multilinguismo<\/h3>\t\t\t<div class=\"textwidget\"><\/div>\n\t\t<\/div><div id=\"panel-686-1-0-1\" class=\"so-panel widget widget_sow-post-carousel panel-last-child\" data-index=\"4\" ><div\n\t\t\t\n\t\t\tclass=\"so-widget-sow-post-carousel so-widget-sow-post-carousel-base-16185f985534-686\"\n\t\t\t\n\t\t>\t<div\n\t\tclass=\"sow-post-carousel-wrapper sow-post-carousel-theme-base\"\n\t\tstyle=\"overflow: hidden; max-width: 100%; min-height: 182px\"\n\t>\n\t\t<div class=\"sow-carousel-title\">\n\t\t\t<div class=\"sow-carousel-navigation \">\n\t\t\t\t\t\t<a href=\"#\" class=\"sow-carousel-next\" title=\"Suivant\" aria-label=\"Next Posts\" role=\"button\"><\/a>\n\t\t\t\t\t\t<a href=\"#\" class=\"sow-carousel-previous\" title=\"Pr\u00e9c\u00e9dent\" aria-label=\"Previous Posts\" role=\"button\"><\/a>\n\t\t\t\t\t<\/div>\n\t<\/div>\n\n<div class=\"sow-carousel-container \">\n\t\t<div class=\"sow-carousel-wrapper\"\n\t\tdata-dir=\"ltr\"\n\t\tstyle=\"opacity: 0;\"\n\t\tdata-widget=\"post\" data-fetching=\"false\" data-page=\"1\" data-ajax-url=\"https:\/\/cla.unical.it\/wp-admin\/admin-ajax.php?_widgets_nonce=ab02b58f4d\" data-item_count=\"23\" data-carousel_settings=\"{&quot;loop&quot;:true,&quot;animation&quot;:&quot;Ease&quot;,&quot;animation_speed&quot;:400,&quot;autoplay&quot;:&quot;&quot;,&quot;pauseOnHover&quot;:&quot;&quot;,&quot;autoplaySpeed&quot;:8000,&quot;item_overflow&quot;:true,&quot;autoplay_continuous_scroll&quot;:false}\" data-responsive=\"{&quot;desktop_slides_to_scroll&quot;:1,&quot;tablet_landscape_breakpoint&quot;:1366,&quot;tablet_landscape_slides_to_scroll&quot;:2,&quot;tablet_portrait_breakpoint&quot;:1025,&quot;tablet_portrait_slides_to_scroll&quot;:2,&quot;mobile_breakpoint&quot;:480,&quot;mobile_slides_to_scroll&quot;:1}\" data-variable_width=\"true\" \t>\n\t\t<div\n\t\t\tclass=\"sow-carousel-items\"\n\t\t\t\t\t>\n\t\t\t\t<div class=\"sow-carousel-item\" tabindex=\"-1\" style=\"float: left;\">\n\t\t<div class=\"sow-carousel-thumbnail\">\n\t\t\t\t\t\t\t<a\n\t\t\t\t\thref=\"https:\/\/cla.unical.it\/fr\/laboratorio-di-lingua-e-cultura-giapponese-a-a-2025-2026-cambio-orario-attivita\/\"\n\t\t\t\t\tclass=\"sow-carousel-default-thumbnail\"\n\t\t\t\t\t\t\t\t\t\tstyle=\"background-image: url(https:\/\/cla.unical.it\/wp-content\/uploads\/2020\/12\/marchi-centri-cla-04.jpg)\"\t\t\t\t\taria-labelledby=\"sow-carousel-id-9645\"\n\t\t\t\t\ttabindex=\"-1\"\n\t\t\t\t>\n\t\t\t\t\t<span class=\"overlay\"><\/span>\n\t\t\t\t<\/a>\n\t\t\t\t\t<\/div>\n\t\t<h3 class=\"sow-carousel-item-title\">\n\t\t\t<a\n\t\t\t\thref=\"https:\/\/cla.unical.it\/fr\/laboratorio-di-lingua-e-cultura-giapponese-a-a-2025-2026-cambio-orario-attivita\/\"\n\t\t\t\tid=\"sow-carousel-id-9645\"\n\t\t\t\t\t\t\t\ttabindex=\"-1\"\n\t\t\t>\n\n\t\t\t\tLaboratorio di Lingua e Cultura Giapponese A.A. 2025 \u2013 2026 &#8211; Cambio orario attivit\u00e0\t\t\t<\/a>\n\t\t<\/h3>\n\t<\/div>\n\t\t<div class=\"sow-carousel-item\" tabindex=\"-1\" style=\"float: left;\">\n\t\t<div class=\"sow-carousel-thumbnail\">\n\t\t\t\t\t\t\t<a\n\t\t\t\t\thref=\"https:\/\/cla.unical.it\/fr\/corsi-di-lingua-italiana-l2-ii-semestre-a-a-25-26\/\"\n\t\t\t\t\tclass=\"sow-carousel-default-thumbnail\"\n\t\t\t\t\t\t\t\t\t\tstyle=\"background-image: url(https:\/\/cla.unical.it\/wp-content\/uploads\/2020\/12\/marchi-centri-cla-04.jpg)\"\t\t\t\t\taria-labelledby=\"sow-carousel-id-9582\"\n\t\t\t\t\ttabindex=\"-1\"\n\t\t\t\t>\n\t\t\t\t\t<span class=\"overlay\"><\/span>\n\t\t\t\t<\/a>\n\t\t\t\t\t<\/div>\n\t\t<h3 class=\"sow-carousel-item-title\">\n\t\t\t<a\n\t\t\t\thref=\"https:\/\/cla.unical.it\/fr\/corsi-di-lingua-italiana-l2-ii-semestre-a-a-25-26\/\"\n\t\t\t\tid=\"sow-carousel-id-9582\"\n\t\t\t\t\t\t\t\ttabindex=\"-1\"\n\t\t\t>\n\n\t\t\t\tCorsi di Lingua Italiana L2, II semestre, A.A. 25\/26.\t\t\t<\/a>\n\t\t<\/h3>\n\t<\/div>\n\t\t<div class=\"sow-carousel-item\" tabindex=\"-1\" style=\"float: left;\">\n\t\t<div class=\"sow-carousel-thumbnail\">\n\t\t\t\t\t\t\t<a\n\t\t\t\t\thref=\"https:\/\/cla.unical.it\/fr\/laboratorio-di-lingua-e-cultura-giapponese-a-a-2025-2026\/\"\n\t\t\t\t\tclass=\"sow-carousel-default-thumbnail\"\n\t\t\t\t\t\t\t\t\t\tstyle=\"background-image: url(https:\/\/cla.unical.it\/wp-content\/uploads\/2020\/12\/marchi-centri-cla-04.jpg)\"\t\t\t\t\taria-labelledby=\"sow-carousel-id-9539\"\n\t\t\t\t\ttabindex=\"-1\"\n\t\t\t\t>\n\t\t\t\t\t<span class=\"overlay\"><\/span>\n\t\t\t\t<\/a>\n\t\t\t\t\t<\/div>\n\t\t<h3 class=\"sow-carousel-item-title\">\n\t\t\t<a\n\t\t\t\thref=\"https:\/\/cla.unical.it\/fr\/laboratorio-di-lingua-e-cultura-giapponese-a-a-2025-2026\/\"\n\t\t\t\tid=\"sow-carousel-id-9539\"\n\t\t\t\t\t\t\t\ttabindex=\"-1\"\n\t\t\t>\n\n\t\t\t\tLaboratorio di Lingua e Cultura Giapponese  A.A. 2025 \u2013 2026\t\t\t<\/a>\n\t\t<\/h3>\n\t<\/div>\n\t\t<div class=\"sow-carousel-item\" tabindex=\"-1\" style=\"float: left;\">\n\t\t<div class=\"sow-carousel-thumbnail\">\n\t\t\t\t\t\t\t<a\n\t\t\t\t\thref=\"https:\/\/cla.unical.it\/fr\/laboratorio-di-lingua-e-cultura-cinese-mandarino-a-a-2025-2026\/\"\n\t\t\t\t\tclass=\"sow-carousel-default-thumbnail\"\n\t\t\t\t\t\t\t\t\t\tstyle=\"background-image: url(https:\/\/cla.unical.it\/wp-content\/uploads\/2020\/12\/marchi-centri-cla-04.jpg)\"\t\t\t\t\taria-labelledby=\"sow-carousel-id-9536\"\n\t\t\t\t\ttabindex=\"-1\"\n\t\t\t\t>\n\t\t\t\t\t<span class=\"overlay\"><\/span>\n\t\t\t\t<\/a>\n\t\t\t\t\t<\/div>\n\t\t<h3 class=\"sow-carousel-item-title\">\n\t\t\t<a\n\t\t\t\thref=\"https:\/\/cla.unical.it\/fr\/laboratorio-di-lingua-e-cultura-cinese-mandarino-a-a-2025-2026\/\"\n\t\t\t\tid=\"sow-carousel-id-9536\"\n\t\t\t\t\t\t\t\ttabindex=\"-1\"\n\t\t\t>\n\n\t\t\t\tLaboratorio di Lingua e Cultura Cinese Mandarino  A.A. 2025 \u2013 2026\t\t\t<\/a>\n\t\t<\/h3>\n\t<\/div>\n\t\t<div class=\"sow-carousel-item\" tabindex=\"-1\" style=\"float: left;\">\n\t\t<div class=\"sow-carousel-thumbnail\">\n\t\t\t\t\t\t\t<a\n\t\t\t\t\thref=\"https:\/\/cla.unical.it\/fr\/laboratorio-di-lingua-e-cultura-araba-a-a-2025-2026\/\"\n\t\t\t\t\tclass=\"sow-carousel-default-thumbnail\"\n\t\t\t\t\t\t\t\t\t\tstyle=\"background-image: url(https:\/\/cla.unical.it\/wp-content\/uploads\/2020\/12\/marchi-centri-cla-04.jpg)\"\t\t\t\t\taria-labelledby=\"sow-carousel-id-9534\"\n\t\t\t\t\ttabindex=\"-1\"\n\t\t\t\t>\n\t\t\t\t\t<span class=\"overlay\"><\/span>\n\t\t\t\t<\/a>\n\t\t\t\t\t<\/div>\n\t\t<h3 class=\"sow-carousel-item-title\">\n\t\t\t<a\n\t\t\t\thref=\"https:\/\/cla.unical.it\/fr\/laboratorio-di-lingua-e-cultura-araba-a-a-2025-2026\/\"\n\t\t\t\tid=\"sow-carousel-id-9534\"\n\t\t\t\t\t\t\t\ttabindex=\"-1\"\n\t\t\t>\n\n\t\t\t\tLaboratorio di Lingua e Cultura Araba A.A 2025-2026\t\t\t<\/a>\n\t\t<\/h3>\n\t<\/div>\n\t\t<div class=\"sow-carousel-item\" tabindex=\"-1\" style=\"float: left;\">\n\t\t<div class=\"sow-carousel-thumbnail\">\n\t\t\t\t\t\t\t<a\n\t\t\t\t\thref=\"https:\/\/cla.unical.it\/fr\/pubblicazione-call-laboratorio-di-lingua-e-cultura-giapponese-scadenza-21-gennaio-2026\/\"\n\t\t\t\t\tclass=\"sow-carousel-default-thumbnail\"\n\t\t\t\t\t\t\t\t\t\tstyle=\"background-image: url(https:\/\/cla.unical.it\/wp-content\/uploads\/2020\/12\/marchi-centri-cla-04.jpg)\"\t\t\t\t\taria-labelledby=\"sow-carousel-id-9215\"\n\t\t\t\t\ttabindex=\"-1\"\n\t\t\t\t>\n\t\t\t\t\t<span class=\"overlay\"><\/span>\n\t\t\t\t<\/a>\n\t\t\t\t\t<\/div>\n\t\t<h3 class=\"sow-carousel-item-title\">\n\t\t\t<a\n\t\t\t\thref=\"https:\/\/cla.unical.it\/fr\/pubblicazione-call-laboratorio-di-lingua-e-cultura-giapponese-scadenza-21-gennaio-2026\/\"\n\t\t\t\tid=\"sow-carousel-id-9215\"\n\t\t\t\t\t\t\t\ttabindex=\"-1\"\n\t\t\t>\n\n\t\t\t\tPubblicazione Call &#8211; Laboratorio di Lingua e Cultura Giapponese &#8211; Scadenza 21 gennaio 2026\t\t\t<\/a>\n\t\t<\/h3>\n\t<\/div>\n\t\t<div class=\"sow-carousel-item\" tabindex=\"-1\" style=\"float: left;\">\n\t\t<div class=\"sow-carousel-thumbnail\">\n\t\t\t\t\t\t\t<a\n\t\t\t\t\thref=\"https:\/\/cla.unical.it\/fr\/pubblicazione-call-laboratorio-di-lingua-e-cultura-araba-scadenza-21-gennaio-2026\/\"\n\t\t\t\t\tclass=\"sow-carousel-default-thumbnail\"\n\t\t\t\t\t\t\t\t\t\tstyle=\"background-image: url(https:\/\/cla.unical.it\/wp-content\/uploads\/2020\/12\/marchi-centri-cla-04.jpg)\"\t\t\t\t\taria-labelledby=\"sow-carousel-id-9211\"\n\t\t\t\t\ttabindex=\"-1\"\n\t\t\t\t>\n\t\t\t\t\t<span class=\"overlay\"><\/span>\n\t\t\t\t<\/a>\n\t\t\t\t\t<\/div>\n\t\t<h3 class=\"sow-carousel-item-title\">\n\t\t\t<a\n\t\t\t\thref=\"https:\/\/cla.unical.it\/fr\/pubblicazione-call-laboratorio-di-lingua-e-cultura-araba-scadenza-21-gennaio-2026\/\"\n\t\t\t\tid=\"sow-carousel-id-9211\"\n\t\t\t\t\t\t\t\ttabindex=\"-1\"\n\t\t\t>\n\n\t\t\t\tPubblicazione Call &#8211; Laboratorio di Lingua e Cultura Araba &#8211; Scadenza 21 gennaio 2026\t\t\t<\/a>\n\t\t<\/h3>\n\t<\/div>\n\t\t<div class=\"sow-carousel-item\" tabindex=\"-1\" style=\"float: left;\">\n\t\t<div class=\"sow-carousel-thumbnail\">\n\t\t\t\t\t\t\t<a\n\t\t\t\t\thref=\"https:\/\/cla.unical.it\/fr\/orario-corsi-di-lingua-italiana-l2-i-semestre-a-a-2025-2026-inizio-corsi-13-10-2025\/\"\n\t\t\t\t\tclass=\"sow-carousel-default-thumbnail\"\n\t\t\t\t\t\t\t\t\t\tstyle=\"background-image: url(https:\/\/cla.unical.it\/wp-content\/uploads\/2020\/12\/marchi-centri-cla-04.jpg)\"\t\t\t\t\taria-labelledby=\"sow-carousel-id-8933\"\n\t\t\t\t\ttabindex=\"-1\"\n\t\t\t\t>\n\t\t\t\t\t<span class=\"overlay\"><\/span>\n\t\t\t\t<\/a>\n\t\t\t\t\t<\/div>\n\t\t<h3 class=\"sow-carousel-item-title\">\n\t\t\t<a\n\t\t\t\thref=\"https:\/\/cla.unical.it\/fr\/orario-corsi-di-lingua-italiana-l2-i-semestre-a-a-2025-2026-inizio-corsi-13-10-2025\/\"\n\t\t\t\tid=\"sow-carousel-id-8933\"\n\t\t\t\t\t\t\t\ttabindex=\"-1\"\n\t\t\t>\n\n\t\t\t\tOrario Corsi di Lingua Italiana L2 &#8211; I semestre A.A. 2025\/2026 &#8211; Inizio corsi 13\/10\/2025\t\t\t<\/a>\n\t\t<\/h3>\n\t<\/div>\n\t\t<div class=\"sow-carousel-item\" tabindex=\"-1\" style=\"float: left;\">\n\t\t<div class=\"sow-carousel-thumbnail\">\n\t\t\t\t\t\t\t<a\n\t\t\t\t\thref=\"https:\/\/cla.unical.it\/fr\/corso-di-lingua-italiana-l2-secondo-semestre-a-a-24-25\/\"\n\t\t\t\t\tclass=\"sow-carousel-default-thumbnail\"\n\t\t\t\t\t\t\t\t\t\tstyle=\"background-image: url(https:\/\/cla.unical.it\/wp-content\/uploads\/2020\/12\/marchi-centri-cla-04.jpg)\"\t\t\t\t\taria-labelledby=\"sow-carousel-id-7968\"\n\t\t\t\t\ttabindex=\"-1\"\n\t\t\t\t>\n\t\t\t\t\t<span class=\"overlay\"><\/span>\n\t\t\t\t<\/a>\n\t\t\t\t\t<\/div>\n\t\t<h3 class=\"sow-carousel-item-title\">\n\t\t\t<a\n\t\t\t\thref=\"https:\/\/cla.unical.it\/fr\/corso-di-lingua-italiana-l2-secondo-semestre-a-a-24-25\/\"\n\t\t\t\tid=\"sow-carousel-id-7968\"\n\t\t\t\t\t\t\t\ttabindex=\"-1\"\n\t\t\t>\n\n\t\t\t\tCorso di Lingua Italiana L2 secondo semestre A.A. 24\/25\t\t\t<\/a>\n\t\t<\/h3>\n\t<\/div>\n\t\t<div class=\"sow-carousel-item\" tabindex=\"-1\" style=\"float: left;\">\n\t\t<div class=\"sow-carousel-thumbnail\">\n\t\t\t\t\t\t\t<a\n\t\t\t\t\thref=\"https:\/\/cla.unical.it\/fr\/pubblicazione-call-laboratorio-di-lingua-e-cultura-araba\/\"\n\t\t\t\t\tclass=\"sow-carousel-default-thumbnail\"\n\t\t\t\t\t\t\t\t\t\tstyle=\"background-image: url(https:\/\/cla.unical.it\/wp-content\/uploads\/2020\/12\/marchi-centri-cla-04.jpg)\"\t\t\t\t\taria-labelledby=\"sow-carousel-id-7247\"\n\t\t\t\t\ttabindex=\"-1\"\n\t\t\t\t>\n\t\t\t\t\t<span class=\"overlay\"><\/span>\n\t\t\t\t<\/a>\n\t\t\t\t\t<\/div>\n\t\t<h3 class=\"sow-carousel-item-title\">\n\t\t\t<a\n\t\t\t\thref=\"https:\/\/cla.unical.it\/fr\/pubblicazione-call-laboratorio-di-lingua-e-cultura-araba\/\"\n\t\t\t\tid=\"sow-carousel-id-7247\"\n\t\t\t\t\t\t\t\ttabindex=\"-1\"\n\t\t\t>\n\n\t\t\t\tPubblicazione Call \u2013 Laboratorio di Lingua e Cultura Araba &#8211; Scadenza 6 ottobre 2024\t\t\t<\/a>\n\t\t<\/h3>\n\t<\/div>\n\t\t\t<\/div>\n\t\t\t<\/div>\n\n\t<\/div>\n\t\t<input type=\"hidden\" name=\"instance_hash\" value=\"bbe51a28\"\/>\n\t<\/div>\n<\/div><\/div><\/div><\/div><\/div><div id=\"pg-686-2\"  class=\"panel-grid panel-no-style\" ><div id=\"pgc-686-2-0\"  class=\"panel-grid-cell panel-grid-cell-empty\" ><\/div><\/div><\/div>","protected":false},"excerpt":{"rendered":"<p>I Laboratori<\/p>\n","protected":false},"author":1,"featured_media":0,"parent":172,"menu_order":0,"comment_status":"closed","ping_status":"closed","template":"","meta":{"footnotes":""},"class_list":["post-686","page","type-page","status-publish","hentry","entry"],"_links":{"self":[{"href":"https:\/\/cla.unical.it\/fr\/wp-json\/wp\/v2\/pages\/686","targetHints":{"allow":["GET"]}}],"collection":[{"href":"https:\/\/cla.unical.it\/fr\/wp-json\/wp\/v2\/pages"}],"about":[{"href":"https:\/\/cla.unical.it\/fr\/wp-json\/wp\/v2\/types\/page"}],"author":[{"embeddable":true,"href":"https:\/\/cla.unical.it\/fr\/wp-json\/wp\/v2\/users\/1"}],"replies":[{"embeddable":true,"href":"https:\/\/cla.unical.it\/fr\/wp-json\/wp\/v2\/comments?post=686"}],"version-history":[{"count":45,"href":"https:\/\/cla.unical.it\/fr\/wp-json\/wp\/v2\/pages\/686\/revisions"}],"predecessor-version":[{"id":9761,"href":"https:\/\/cla.unical.it\/fr\/wp-json\/wp\/v2\/pages\/686\/revisions\/9761"}],"up":[{"embeddable":true,"href":"https:\/\/cla.unical.it\/fr\/wp-json\/wp\/v2\/pages\/172"}],"wp:attachment":[{"href":"https:\/\/cla.unical.it\/fr\/wp-json\/wp\/v2\/media?parent=686"}],"curies":[{"name":"wp","href":"https:\/\/api.w.org\/{rel}","templated":true}]}}