{"id":784,"date":"2020-12-21T15:12:42","date_gmt":"2020-12-21T14:12:42","guid":{"rendered":"http:\/\/cla.unical.it\/?page_id=784"},"modified":"2025-05-16T17:12:06","modified_gmt":"2025-05-16T15:12:06","slug":"conversare-con-il-tutor","status":"publish","type":"page","link":"https:\/\/cla.unical.it\/fr\/servizi-linguistici\/conversare-con-il-tutor\/","title":{"rendered":"Conversare con il Tutor"},"content":{"rendered":"<div id=\"pl-784\"  class=\"panel-layout\" ><div id=\"pg-784-0\"  class=\"panel-grid panel-has-style\" ><div class=\"panel-row-style panel-row-style-for-784-0\" ><div id=\"pgc-784-0-0\"  class=\"panel-grid-cell\" ><div id=\"panel-784-0-0-0\" class=\"so-panel widget widget_sow-headline panel-first-child panel-last-child\" data-index=\"0\" ><div\n\t\t\t\n\t\t\tclass=\"so-widget-sow-headline so-widget-sow-headline-default-08ca780a4db4-784 so-widget-fittext-wrapper\"\n\t\t\t data-fit-text-compressor=\"0.85\"\n\t\t><div class=\"sow-headline-container \">\n\t\t\t\t\t\t\t<h3 class=\"sow-sub-headline\">\n\t\t\t\t\t\tIl Centro Linguistico di Ateneo offre il servizio di Conversare con il Tutor per le seguenti lingue: inglese, francese, tedesco, spagnolo e italiano L2.\t\t\t\t\t\t<\/h3>\n\t\t\t\t\t\t\t\t\t\t\t<div class=\"decoration\">\n\t\t\t\t\t\t<div class=\"decoration-inside\"><\/div>\n\t\t\t\t\t<\/div>\n\t\t\t\t\t<\/div>\n<\/div><\/div><\/div><\/div><\/div><div id=\"pg-784-1\"  class=\"panel-grid panel-has-style\" ><div class=\"siteorigin-panels-stretch panel-row-style panel-row-style-for-784-1\" data-stretch-type=\"full\" ><div id=\"pgc-784-1-0\"  class=\"panel-grid-cell\" ><div id=\"panel-784-1-0-0\" class=\"so-panel widget widget_sow-editor panel-first-child\" data-index=\"1\" ><div\n\t\t\t\n\t\t\tclass=\"so-widget-sow-editor so-widget-sow-editor-base\"\n\t\t\t\n\t\t>\n<div class=\"siteorigin-widget-tinymce textwidget\">\n\t<p style=\"text-align: justify;\">Questo servizio mette in contatto esperti della lingua richiesta ed \u00e8 indicato per coloro che vogliono praticare una lingua, tenerla viva e migliorarsi soprattutto nelle abilit\u00e0 di Ascolto e Parlato. La persona interessata potr\u00e0 apprendere il modo di esprimersi di un madrelingua, migliorare il proprio vocabolario, imparare a comunicare in specifiche situazioni attraverso la pratica del role-play, perfezionare la propria pronuncia e tanto altro.<\/p>\n<p style=\"text-align: justify;\">Sar\u00e0 possibile scegliere data e orario degli incontri andando incontro alle esigenze di tutti.<\/p>\n<\/div>\n<\/div><\/div><div id=\"panel-784-1-0-1\" class=\"so-panel widget widget_sow-tabs panel-last-child\" data-index=\"2\" ><div\n\t\t\t\n\t\t\tclass=\"so-widget-sow-tabs so-widget-sow-tabs-default-02e4508ec074-784\"\n\t\t\t\n\t\t><h3 class=\"widget-title\">Moduli e Tariffe<\/h3><div class=\"sow-tabs\">\n\t<div class=\"sow-tabs-tab-container\" role=\"tablist\">\n\t\t\t<div\n\t\t\tclass=\"sow-tabs-tab\n\t\t\t sow-tabs-tab-selected\t\t\t\"\n\t\t\trole=\"tab\"\n\t\t\tdata-anchor-id=\"modulo\"\n\t\t\taria-selected=\"true\"\n\t\t\ttabindex=\"0\"\n\t\t>\n\t\t\t<div class=\"sow-tabs-title sow-tabs-title-icon-left\">\n\t\t\t\t\t\t\t\tModulo\t\t\t\t\t\t\t<\/div>\n\t\t<\/div>\n\t\t<\/div>\n\n\t<div class=\"sow-tabs-panel-container\">\n\t\t\t<div class=\"sow-tabs-panel\">\n\t\t\t<div\n\t\t\t\tclass=\"sow-tabs-panel-content\"\n\t\t\t\trole=\"tabpanel\"\n\t\t\t\taria-hidden=\"false\"\n\t\t\t>\n\t\t\t\t<p>In aggiornamento<\/p>\n\t\t\t<\/div>\n\t\t<\/div>\n\t\t<\/div>\n<\/div>\n<\/div><\/div><\/div><\/div><\/div><div id=\"pg-784-2\"  class=\"panel-grid panel-no-style\" ><div id=\"pgc-784-2-0\"  class=\"panel-grid-cell\" ><div id=\"panel-784-2-0-0\" class=\"so-panel widget widget_sow-accordion panel-first-child panel-last-child\" data-index=\"3\" ><div\n\t\t\t\n\t\t\tclass=\"so-widget-sow-accordion so-widget-sow-accordion-default-99be652ed941-784\"\n\t\t\t\n\t\t><h3 class=\"widget-title\">Contatti<\/h3><div>\n\t<div class=\"sow-accordion\">\n\t\t\t<div class=\"sow-accordion-panel\n\t\t\t\t\t\"\n\t\t\t\tdata-anchor-id=\"responsabile-del-servizio-conversare-con-il-tutor\">\n\t\t\t\t\t<div class=\"sow-accordion-panel-header-container\" role=\"heading\" aria-level=\"2\">\n\t\t\t\t\t<div class=\"sow-accordion-panel-header\" tabindex=\"0\" role=\"button\" id=\"accordion-label-responsabile-del-servizio-conversare-con-il-tutor\" aria-controls=\"accordion-content-responsabile-del-servizio-conversare-con-il-tutor\" aria-expanded=\"false\">\n\t\t\t\t\t\t<div class=\"sow-accordion-title sow-accordion-title-icon-left\">\n\t\t\t\t\t\t\t\t\t\t\t\t\t\tResponsabile del Servizio Conversare con il Tutor\t\t\t\t\t\t\t\t\t\t\t\t\t<\/div>\n\t\t\t\t\t\t<div class=\"sow-accordion-open-close-button\">\n\t\t\t\t\t\t\t<div class=\"sow-accordion-open-button\">\n\t\t\t\t\t\t\t\t<span class=\"sow-icon-ionicons\" data-sow-icon=\"&#xf218;\"\n\t\t \n\t\taria-hidden=\"true\"><\/span>\t\t\t\t\t\t\t<\/div>\n\t\t\t\t\t\t\t<div class=\"sow-accordion-close-button\">\n\t\t\t\t\t\t\t\t<span class=\"sow-icon-ionicons\" data-sow-icon=\"&#xf209;\"\n\t\t \n\t\taria-hidden=\"true\"><\/span>\t\t\t\t\t\t\t<\/div>\n\t\t\t\t\t\t<\/div>\n\t\t\t\t\t<\/div>\n\t\t\t\t<\/div>\n\n\t\t\t<div\n\t\t\t\tclass=\"sow-accordion-panel-content\"\n\t\t\t\trole=\"region\"\n\t\t\t\taria-labelledby=\"accordion-label-responsabile-del-servizio-conversare-con-il-tutor\"\n\t\t\t\tid=\"accordion-content-responsabile-del-servizio-conversare-con-il-tutor\"\n\t\t\t\tstyle=\"display: none;\"\t\t\t>\n\t\t\t\t<div class=\"sow-accordion-panel-border\">\n\t\t\t\t\t<p><b>In aggiornamento<\/b><\/p>\n\t\t\t\t<\/div>\n\t\t\t<\/div>\n\t\t<\/div>\n\t\t<\/div>\n<\/div>\n<\/div><\/div><\/div><\/div><\/div>","protected":false},"excerpt":{"rendered":"<p>Questo servizio mette in contatto esperti della lingua richiesta ed \u00e8 indicato per coloro che vogliono praticare una lingua, tenerla viva e migliorarsi soprattutto nelle abilit\u00e0 di Ascolto e Parlato. La persona interessata potr\u00e0 apprendere il modo di esprimersi di un madrelingua, migliorare il proprio vocabolario, imparare a comunicare in specifiche situazioni attraverso la pratica [&hellip;]<\/p>\n","protected":false},"author":1,"featured_media":0,"parent":172,"menu_order":0,"comment_status":"closed","ping_status":"closed","template":"page-nosidebar.php","meta":{"footnotes":""},"class_list":["post-784","page","type-page","status-publish","hentry","entry"],"_links":{"self":[{"href":"https:\/\/cla.unical.it\/fr\/wp-json\/wp\/v2\/pages\/784","targetHints":{"allow":["GET"]}}],"collection":[{"href":"https:\/\/cla.unical.it\/fr\/wp-json\/wp\/v2\/pages"}],"about":[{"href":"https:\/\/cla.unical.it\/fr\/wp-json\/wp\/v2\/types\/page"}],"author":[{"embeddable":true,"href":"https:\/\/cla.unical.it\/fr\/wp-json\/wp\/v2\/users\/1"}],"replies":[{"embeddable":true,"href":"https:\/\/cla.unical.it\/fr\/wp-json\/wp\/v2\/comments?post=784"}],"version-history":[{"count":9,"href":"https:\/\/cla.unical.it\/fr\/wp-json\/wp\/v2\/pages\/784\/revisions"}],"predecessor-version":[{"id":8261,"href":"https:\/\/cla.unical.it\/fr\/wp-json\/wp\/v2\/pages\/784\/revisions\/8261"}],"up":[{"embeddable":true,"href":"https:\/\/cla.unical.it\/fr\/wp-json\/wp\/v2\/pages\/172"}],"wp:attachment":[{"href":"https:\/\/cla.unical.it\/fr\/wp-json\/wp\/v2\/media?parent=784"}],"curies":[{"name":"wp","href":"https:\/\/api.w.org\/{rel}","templated":true}]}}