{"id":839,"date":"2020-12-21T16:27:47","date_gmt":"2020-12-21T15:27:47","guid":{"rendered":"http:\/\/cla.unical.it\/?page_id=839"},"modified":"2025-05-16T17:14:24","modified_gmt":"2025-05-16T15:14:24","slug":"corsi-moocs","status":"publish","type":"page","link":"https:\/\/cla.unical.it\/fr\/progetti\/corsi-moocs\/","title":{"rendered":"Corsi MOOCS"},"content":{"rendered":"<div id=\"pl-839\"  class=\"panel-layout\" ><div id=\"pg-839-0\"  class=\"panel-grid panel-has-style\" ><div class=\"panel-row-style panel-row-style-for-839-0\" ><div id=\"pgc-839-0-0\"  class=\"panel-grid-cell\" ><div id=\"panel-839-0-0-0\" class=\"so-panel widget widget_sow-headline panel-first-child panel-last-child\" data-index=\"0\" ><div\n\t\t\t\n\t\t\tclass=\"so-widget-sow-headline so-widget-sow-headline-default-08ca780a4db4-839 so-widget-fittext-wrapper\"\n\t\t\t data-fit-text-compressor=\"0.85\"\n\t\t><div class=\"sow-headline-container \">\n\t\t\t\t\t\t\t<h3 class=\"sow-sub-headline\">\n\t\t\t\t\t\t\t\t\t\t\t\t\t<a href=\"https:\/\/moocs.unical.it\" target=\"_blank\" rel=\"noopener noreferrer\">\n\t\t\t\t\t\t\t\tPer un percorso sperimentale di didattica delle lingue straniere moderne<\/a>\t\t\t\t\t\t<\/h3>\n\t\t\t\t\t\t\t\t\t\t\t<div class=\"decoration\">\n\t\t\t\t\t\t<div class=\"decoration-inside\"><\/div>\n\t\t\t\t\t<\/div>\n\t\t\t\t\t<\/div>\n<\/div><\/div><\/div><\/div><\/div><div id=\"pg-839-1\"  class=\"panel-grid panel-has-style\" ><div class=\"siteorigin-panels-stretch panel-row-style panel-row-style-for-839-1\" data-stretch-type=\"full\" ><div id=\"pgc-839-1-0\"  class=\"panel-grid-cell\" ><div id=\"panel-839-1-0-0\" class=\"so-panel widget widget_sow-editor panel-first-child\" data-index=\"1\" ><div\n\t\t\t\n\t\t\tclass=\"so-widget-sow-editor so-widget-sow-editor-base\"\n\t\t\t\n\t\t>\n<div class=\"siteorigin-widget-tinymce textwidget\">\n\t<p><a href=\"https:\/\/moocs.unical.it\"><img loading=\"lazy\" decoding=\"async\" class=\"aligncenter wp-image-842 size-full\" src=\"http:\/\/cla.unical.it\/wp-content\/uploads\/2020\/12\/logo_mooc-3.png__940x120_q85_subsampling-2-1.png\" alt=\"\" width=\"295\" height=\"120\" \/><\/a><\/p>\n<p>Il progetto \u201cCorsi Moocs: per un percorso sperimentale di didattica delle lingue straniere moderne\u201d, coordinato dall\u2019Universit\u00e0 degli Studi di Palermo, in collaborazione con l\u2019Universit\u00e0 della Calabria e l\u2019Universit\u00e0 di Napoli \u201cL\u2019Orientale\u201d prevede la realizzazione di un percorso innovativo di ricerca e di formazione sperimentale, rivolto sia agli studenti universitari, frequentanti o no, sia a quanti intendano perfezionare le loro competenze nell\u2019ambito delle lingue straniere, tanto per motivi professionali quanto per cultura personale (rispondendo cos\u00ec anche alla missione del lifelong learning, che rientra tra i compiti del sistema universitario italiano).<\/p>\n<p>Le Universit\u00e0 coinvolte hanno elaborato (materiale in progress) Corsi MOOCs per l\u2019apprendimento e l\u2019insegnamento delle lingue straniere che saranno utilizzati in via sperimentale nell\u2019anno accademico 2019-2020. L\u2019Universit\u00e0 di Palermo ha realizzato un corso per la lingua tedesca, l\u2019Universit\u00e0 di Napoli \u201cL\u2019Orientale\u201d un corso per la lingua francese, l\u2019Universit\u00e0 della Calabria un corso per la lingua Inglese \u2013 English for Academic Purposes -. Si tratta in tutti e tre i casi di lingue con alto o crescente numero di iscritti in tutti i Corsi di Studio delle Universit\u00e0 italiane.<\/p>\n<p>L\u2019obiettivo del progetto \u00e8 duplice:<\/p>\n<ul>\n<li>Sviluppare competenze metodologiche innovative fra i docenti e gli operatori nell\u2019ambito della didattica delle lingue seconde, ricorrendo in forma sperimentale alla modalit\u00e0 MOOCs, che consente di raggiungere un altissimo potenziale di interessati;<\/li>\n<li>Implementare la conoscenza delle Lingue Moderne e portare l\u2019apprendente, per quanto attiene allo studente e studentessa universitario\/a e a seconda delle lingue oggetto di studio, a raggiungere il livello linguistico previsto dai Corsi di Studio.<\/li>\n<\/ul>\n<p>Il progetto assume, pertanto, una valenza strategica per il raggiungimento degli obiettivi della Programmazione di Ateneo delle tre universit\u00e0 coinvolte. Il materiale didattico, dopo la fase di sperimentazione (a.a.2019-2020), verr\u00e0 reso disponibile a tutte le universit\u00e0 interessate all\u2019approccio didattico adottato dalle tre Universit\u00e0 Partner nel progetto.<\/p>\n<\/div>\n<\/div><\/div><div id=\"panel-839-1-0-1\" class=\"so-panel widget widget_sow-post-carousel panel-last-child\" data-index=\"2\" ><div\n\t\t\t\n\t\t\tclass=\"so-widget-sow-post-carousel so-widget-sow-post-carousel-base-16185f985534-839\"\n\t\t\t\n\t\t>\t<div\n\t\tclass=\"sow-post-carousel-wrapper sow-post-carousel-theme-base\"\n\t\tstyle=\"overflow: hidden; max-width: 100%; min-height: 182px\"\n\t>\n\t\t<div class=\"sow-carousel-title has-title\">\n\t<h3 class=\"widget-title\">Notizie su Workshop Linguistici<\/h3>\t\t<div class=\"sow-carousel-navigation \">\n\t\t\t\t\t\t<a href=\"#\" class=\"sow-carousel-next\" title=\"Suivant\" aria-label=\"Next Posts\" role=\"button\"><\/a>\n\t\t\t\t\t\t<a href=\"#\" class=\"sow-carousel-previous\" title=\"Pr\u00e9c\u00e9dent\" aria-label=\"Previous Posts\" role=\"button\"><\/a>\n\t\t\t\t\t<\/div>\n\t<\/div>\n\n<div class=\"sow-carousel-container \">\n\t\t<div class=\"sow-carousel-wrapper\"\n\t\tdata-dir=\"ltr\"\n\t\tstyle=\"opacity: 0;\"\n\t\tdata-widget=\"post\" data-fetching=\"false\" data-page=\"1\" data-ajax-url=\"https:\/\/cla.unical.it\/wp-admin\/admin-ajax.php?_widgets_nonce=ab02b58f4d\" data-item_count=\"3\" data-carousel_settings=\"{&quot;loop&quot;:true,&quot;animation&quot;:&quot;Ease&quot;,&quot;animation_speed&quot;:400,&quot;autoplay&quot;:&quot;&quot;,&quot;pauseOnHover&quot;:&quot;&quot;,&quot;autoplaySpeed&quot;:8000,&quot;item_overflow&quot;:true,&quot;autoplay_continuous_scroll&quot;:false}\" data-responsive=\"{&quot;desktop_slides_to_scroll&quot;:1,&quot;tablet_landscape_breakpoint&quot;:1366,&quot;tablet_landscape_slides_to_scroll&quot;:2,&quot;tablet_portrait_breakpoint&quot;:1025,&quot;tablet_portrait_slides_to_scroll&quot;:2,&quot;mobile_breakpoint&quot;:480,&quot;mobile_slides_to_scroll&quot;:1}\" data-variable_width=\"true\" \t>\n\t\t<div\n\t\t\tclass=\"sow-carousel-items\"\n\t\t\t\t\t>\n\t\t\t\t<div class=\"sow-carousel-item\" tabindex=\"-1\" style=\"float: left;\">\n\t\t<div class=\"sow-carousel-thumbnail\">\n\t\t\t\t\t\t\t<a\n\t\t\t\t\thref=\"https:\/\/cla.unical.it\/fr\/il-centro-linguistico-di-ateneo-festeggia-25-anni-di-attivita\/\"\n\t\t\t\t\tclass=\"sow-carousel-default-thumbnail\"\n\t\t\t\t\t\t\t\t\t\tstyle=\"background-image: url(https:\/\/cla.unical.it\/wp-content\/uploads\/2020\/12\/marchi-centri-cla-04.jpg)\"\t\t\t\t\taria-labelledby=\"sow-carousel-id-4098\"\n\t\t\t\t\ttabindex=\"-1\"\n\t\t\t\t>\n\t\t\t\t\t<span class=\"overlay\"><\/span>\n\t\t\t\t<\/a>\n\t\t\t\t\t<\/div>\n\t\t<h3 class=\"sow-carousel-item-title\">\n\t\t\t<a\n\t\t\t\thref=\"https:\/\/cla.unical.it\/fr\/il-centro-linguistico-di-ateneo-festeggia-25-anni-di-attivita\/\"\n\t\t\t\tid=\"sow-carousel-id-4098\"\n\t\t\t\t\t\t\t\ttabindex=\"-1\"\n\t\t\t>\n\n\t\t\t\tIl Centro Linguistico di Ateneo festeggia 25 anni di attivit\u00e0\t\t\t<\/a>\n\t\t<\/h3>\n\t<\/div>\n\t\t<div class=\"sow-carousel-item\" tabindex=\"-1\" style=\"float: left;\">\n\t\t<div class=\"sow-carousel-thumbnail\">\n\t\t\t\t\t\t\t<a\n\t\t\t\t\thref=\"https:\/\/cla.unical.it\/fr\/seminario-tourism-discourse-in-pre-and-post-covid-19-contexts\/\"\n\t\t\t\t\tclass=\"sow-carousel-default-thumbnail\"\n\t\t\t\t\t\t\t\t\t\tstyle=\"background-image: url(https:\/\/cla.unical.it\/wp-content\/uploads\/2020\/12\/marchi-centri-cla-04.jpg)\"\t\t\t\t\taria-labelledby=\"sow-carousel-id-1853\"\n\t\t\t\t\ttabindex=\"-1\"\n\t\t\t\t>\n\t\t\t\t\t<span class=\"overlay\"><\/span>\n\t\t\t\t<\/a>\n\t\t\t\t\t<\/div>\n\t\t<h3 class=\"sow-carousel-item-title\">\n\t\t\t<a\n\t\t\t\thref=\"https:\/\/cla.unical.it\/fr\/seminario-tourism-discourse-in-pre-and-post-covid-19-contexts\/\"\n\t\t\t\tid=\"sow-carousel-id-1853\"\n\t\t\t\t\t\t\t\ttabindex=\"-1\"\n\t\t\t>\n\n\t\t\t\tSeminario Tourism discourse in pre and post Covid-19 contexts\t\t\t<\/a>\n\t\t<\/h3>\n\t<\/div>\n\t\t<div class=\"sow-carousel-item\" tabindex=\"-1\" style=\"float: left;\">\n\t\t<div class=\"sow-carousel-thumbnail\">\n\t\t\t\t\t\t\t<a\n\t\t\t\t\thref=\"https:\/\/cla.unical.it\/fr\/methodologies-for-quantitative-analysis-corpus-linguistics-29-06-2021\/\"\n\t\t\t\t\tclass=\"sow-carousel-default-thumbnail\"\n\t\t\t\t\t\t\t\t\t\tstyle=\"background-image: url(https:\/\/cla.unical.it\/wp-content\/uploads\/2020\/12\/marchi-centri-cla-04.jpg)\"\t\t\t\t\taria-labelledby=\"sow-carousel-id-1794\"\n\t\t\t\t\ttabindex=\"-1\"\n\t\t\t\t>\n\t\t\t\t\t<span class=\"overlay\"><\/span>\n\t\t\t\t<\/a>\n\t\t\t\t\t<\/div>\n\t\t<h3 class=\"sow-carousel-item-title\">\n\t\t\t<a\n\t\t\t\thref=\"https:\/\/cla.unical.it\/fr\/methodologies-for-quantitative-analysis-corpus-linguistics-29-06-2021\/\"\n\t\t\t\tid=\"sow-carousel-id-1794\"\n\t\t\t\t\t\t\t\ttabindex=\"-1\"\n\t\t\t>\n\n\t\t\t\tMethodologies for quantitative analysis: Corpus Linguistics &#8211; 29.06.2021\t\t\t<\/a>\n\t\t<\/h3>\n\t<\/div>\n\t\t\t<\/div>\n\t\t\t<\/div>\n\n\t<\/div>\n\t\t<input type=\"hidden\" name=\"instance_hash\" value=\"bf7beb36\"\/>\n\t<\/div>\n<\/div><\/div><\/div><\/div><\/div><div id=\"pg-839-2\"  class=\"panel-grid panel-no-style\" ><div id=\"pgc-839-2-0\"  class=\"panel-grid-cell\" ><div id=\"panel-839-2-0-0\" class=\"so-panel widget widget_sow-accordion panel-first-child panel-last-child\" data-index=\"3\" ><div\n\t\t\t\n\t\t\tclass=\"so-widget-sow-accordion so-widget-sow-accordion-default-99be652ed941-1794\"\n\t\t\t\n\t\t><h3 class=\"widget-title\">Contatti<\/h3><div>\n\t<div class=\"sow-accordion\">\n\t\t\t<div class=\"sow-accordion-panel\n\t\t\t\t\t\"\n\t\t\t\tdata-anchor-id=\"responsabile-scientifico-del-progetto\">\n\t\t\t\t\t<div class=\"sow-accordion-panel-header-container\" role=\"heading\" aria-level=\"2\">\n\t\t\t\t\t<div class=\"sow-accordion-panel-header\" tabindex=\"0\" role=\"button\" id=\"accordion-label-responsabile-scientifico-del-progetto\" aria-controls=\"accordion-content-responsabile-scientifico-del-progetto\" aria-expanded=\"false\">\n\t\t\t\t\t\t<div class=\"sow-accordion-title sow-accordion-title-icon-left\">\n\t\t\t\t\t\t\t\t\t\t\t\t\t\tResponsabile Scientifico del Progetto\t\t\t\t\t\t\t\t\t\t\t\t\t<\/div>\n\t\t\t\t\t\t<div class=\"sow-accordion-open-close-button\">\n\t\t\t\t\t\t\t<div class=\"sow-accordion-open-button\">\n\t\t\t\t\t\t\t\t<span class=\"sow-icon-ionicons\" data-sow-icon=\"&#xf218;\"\n\t\t \n\t\taria-hidden=\"true\"><\/span>\t\t\t\t\t\t\t<\/div>\n\t\t\t\t\t\t\t<div class=\"sow-accordion-close-button\">\n\t\t\t\t\t\t\t\t<span class=\"sow-icon-ionicons\" data-sow-icon=\"&#xf209;\"\n\t\t \n\t\taria-hidden=\"true\"><\/span>\t\t\t\t\t\t\t<\/div>\n\t\t\t\t\t\t<\/div>\n\t\t\t\t\t<\/div>\n\t\t\t\t<\/div>\n\n\t\t\t<div\n\t\t\t\tclass=\"sow-accordion-panel-content\"\n\t\t\t\trole=\"region\"\n\t\t\t\taria-labelledby=\"accordion-label-responsabile-scientifico-del-progetto\"\n\t\t\t\tid=\"accordion-content-responsabile-scientifico-del-progetto\"\n\t\t\t\tstyle=\"display: none;\"\t\t\t>\n\t\t\t\t<div class=\"sow-accordion-panel-border\">\n\t\t\t\t\t<p><b>Carmen Argondizzo<br \/>\n<\/b><a href=\"mailto:carmen.argondizzo@unical.it\">carmen.argondizzo@unical.it<\/a><\/p>\n\t\t\t\t<\/div>\n\t\t\t<\/div>\n\t\t<\/div>\n\t\t<\/div>\n<\/div>\n<\/div><\/div><\/div><\/div><\/div>","protected":false},"excerpt":{"rendered":"<p>Il progetto \u201cCorsi Moocs: per un percorso sperimentale di didattica delle lingue straniere moderne\u201d, coordinato dall\u2019Universit\u00e0 degli Studi di Palermo, in collaborazione con l\u2019Universit\u00e0 della Calabria e l\u2019Universit\u00e0 di Napoli \u201cL\u2019Orientale\u201d prevede la realizzazione di un percorso innovativo di ricerca e di formazione sperimentale, rivolto sia agli studenti universitari, frequentanti o no, sia a quanti [&hellip;]<\/p>\n","protected":false},"author":1,"featured_media":0,"parent":806,"menu_order":0,"comment_status":"closed","ping_status":"closed","template":"page-nosidebar.php","meta":{"footnotes":""},"class_list":["post-839","page","type-page","status-publish","hentry","entry"],"_links":{"self":[{"href":"https:\/\/cla.unical.it\/fr\/wp-json\/wp\/v2\/pages\/839","targetHints":{"allow":["GET"]}}],"collection":[{"href":"https:\/\/cla.unical.it\/fr\/wp-json\/wp\/v2\/pages"}],"about":[{"href":"https:\/\/cla.unical.it\/fr\/wp-json\/wp\/v2\/types\/page"}],"author":[{"embeddable":true,"href":"https:\/\/cla.unical.it\/fr\/wp-json\/wp\/v2\/users\/1"}],"replies":[{"embeddable":true,"href":"https:\/\/cla.unical.it\/fr\/wp-json\/wp\/v2\/comments?post=839"}],"version-history":[{"count":11,"href":"https:\/\/cla.unical.it\/fr\/wp-json\/wp\/v2\/pages\/839\/revisions"}],"predecessor-version":[{"id":8264,"href":"https:\/\/cla.unical.it\/fr\/wp-json\/wp\/v2\/pages\/839\/revisions\/8264"}],"up":[{"embeddable":true,"href":"https:\/\/cla.unical.it\/fr\/wp-json\/wp\/v2\/pages\/806"}],"wp:attachment":[{"href":"https:\/\/cla.unical.it\/fr\/wp-json\/wp\/v2\/media?parent=839"}],"curies":[{"name":"wp","href":"https:\/\/api.w.org\/{rel}","templated":true}]}}