{"id":885,"date":"2020-12-21T17:09:01","date_gmt":"2020-12-21T16:09:01","guid":{"rendered":"http:\/\/cla.unical.it\/?page_id=885"},"modified":"2025-11-03T09:40:47","modified_gmt":"2025-11-03T08:40:47","slug":"portfolio-europeo-delle-lingue","status":"publish","type":"page","link":"https:\/\/cla.unical.it\/fr\/progetti\/portfolio-europeo-delle-lingue\/","title":{"rendered":"Portfolio Europeo delle Lingue"},"content":{"rendered":"<div id=\"pl-885\"  class=\"panel-layout\" ><div id=\"pg-885-0\"  class=\"panel-grid panel-has-style\" ><div class=\"panel-row-style panel-row-style-for-885-0\" ><div id=\"pgc-885-0-0\"  class=\"panel-grid-cell\" ><div id=\"panel-885-0-0-0\" class=\"so-panel widget widget_sow-headline panel-first-child panel-last-child\" data-index=\"0\" ><div\n\t\t\t\n\t\t\tclass=\"so-widget-sow-headline so-widget-sow-headline-default-08ca780a4db4-885\"\n\t\t\t\n\t\t><div class=\"sow-headline-container \">\n\t\t\t\t\t\t\t<h3 class=\"sow-sub-headline\">\n\t\t\t\t\t\t\t\t\t\t\t\t\t<a href=\"http:\/\/elp.cla.unical.it\/\" target=\"_blank\" rel=\"noopener noreferrer\">\n\t\t\t\t\t\t\t\tIl CLA mette a disposizione uno strumento pedagogico di supporto all'apprendimento delle lingue, sia in contesto istituzionale che in autonomia, in prospettiva di maggiore mobilit\u00e0 e di inserimento in una Europa sempre pi\u00f9 plurilingue ed interculturale: il Portfolio Europeo delle Lingue (con validazione n\u00b040 del 2003, Consiglio d'Europa).<\/a>\t\t\t\t\t\t<\/h3>\n\t\t\t\t\t\t\t\t\t\t\t<div class=\"decoration\">\n\t\t\t\t\t\t<div class=\"decoration-inside\"><\/div>\n\t\t\t\t\t<\/div>\n\t\t\t\t\t<\/div>\n<\/div><\/div><\/div><\/div><\/div><div id=\"pg-885-1\"  class=\"panel-grid panel-has-style\" ><div class=\"siteorigin-panels-stretch panel-row-style panel-row-style-for-885-1\" data-stretch-type=\"full\" ><div id=\"pgc-885-1-0\"  class=\"panel-grid-cell\" ><div id=\"panel-885-1-0-0\" class=\"so-panel widget widget_sow-editor panel-first-child panel-last-child\" data-index=\"1\" ><div\n\t\t\t\n\t\t\tclass=\"so-widget-sow-editor so-widget-sow-editor-base\"\n\t\t\t\n\t\t>\n<div class=\"siteorigin-widget-tinymce textwidget\">\n\t<h3 style=\"text-align: center;\"><i class=\"it-comment\"><\/i> Vuoi migliorare le tue competenze linguistiche in modo autonomo?<\/h3>\n<h3 style=\"text-align: center;\"><i class=\"it-comment\"><\/i> Vuoi autovalutare il tuo livello di competenza linguistica in modo da stabilire nuovi obiettivi?<\/h3>\n<h3 style=\"text-align: center;\"><i class=\"it-comment\"><\/i> Sai monitorare il tuo processo di apprendimento linguistico?<\/h3>\n<h3 style=\"text-align: center;\"><i class=\"it-comment\"><\/i> Hai bisogno di competenze linguistiche specifiche nel tuo campo di studio o di ricerca?<\/h3>\n<h3 style=\"text-align: center;\"><i class=\"it-comment\"><\/i> Vuoi acquisire le competenze linguistiche necessarie negli studi universitari?<\/h3>\n<h3 style=\"text-align: center;\"><i class=\"it-comment\"><\/i> Vuoi valutare la tue competenze linguistiche nell'interagire con persone di altre culture?<\/h3>\n<p style=\"text-align: justify;\">Il CLA mette a disposizione uno strumento pedagogico di supporto all'apprendimento delle lingue, sia in contesto istituzionale che in autonomia, in prospettiva di maggiore mobilit\u00e0 e di inserimento in una Europa sempre pi\u00f9 plurilingue ed interculturale: il Portfolio Europeo delle Lingue (con validazione n\u00b040 del 2003, Consiglio d'Europa).<br \/>\nAttraverso tale strumento potrai riflettere sui tuoi processi di apprendimento favorendo lo sviluppo di strategie metacognitive necessarie per un autonomous and life-long learning.<\/p>\n<p style=\"text-align: justify;\">L'utilizzo del Portfolio assume particolare rilevanza nell'insegnamento-apprendimento dei linguaggi specialistici in ambito accademico dove tale insegnamento \u00e8 basato sull'analisi dei bisogni linguistici e mira a sviluppare, abilit\u00e0 e competenze linguistiche orientate all'autonomia e responsabilit\u00e0 del discente nell'utilizzo della lingua straniera in attivit\u00e0 professionali e campi di studio o interesse.<br \/>\nPer tale esigenza, oltre alle tre sezioni previste dalle linee guida del Consiglio d\u2019Europa (Passaporto, Biografia e Dossier), il Portfolio dell\u2019Universit\u00e0 della Calabria presenta una sezione aggiuntiva, relativa allo sviluppo delle abilit\u00e0 linguistiche-accademiche che permette agli studenti universitari di fissare obiettivi individualizzati a breve e lungo termine in contesto accademico, di monitorare lo sviluppo e di autovalutare le loro competenze linguistiche per interagire in contesti specialistici.<\/p>\n<p style=\"text-align: justify;\"><a class=\" \" href=\"http:\/\/cla.unical.it\/media\/filer_public\/0e\/12\/0e12c505-9607-498e-b583-7ce08f89d29d\/portfolio_finale.pdf\" target=\"_blank\" rel=\"noopener\">Scarica il Portfolio Europeo delle Lingue<\/a><\/p>\n<p style=\"text-align: justify;\"><a href=\"http:\/\/elp.cla.unical.it\/\" target=\"_blank\" rel=\"noopener\">Vai allo ELP online<\/a><\/p>\n<\/div>\n<\/div><\/div><\/div><\/div><\/div><div id=\"pg-885-2\"  class=\"panel-grid panel-no-style\" ><div id=\"pgc-885-2-0\"  class=\"panel-grid-cell panel-grid-cell-empty\" ><\/div><\/div><\/div>","protected":false},"excerpt":{"rendered":"<p>Vuoi migliorare le tue competenze linguistiche in modo autonomo? Vuoi autovalutare il tuo livello di competenza linguistica in modo da stabilire nuovi obiettivi? Sai monitorare il tuo processo di apprendimento linguistico? Hai bisogno di competenze linguistiche specifiche nel tuo campo di studio o di ricerca? Vuoi acquisire le competenze linguistiche necessarie negli studi universitari? Vuoi [&hellip;]<\/p>\n","protected":false},"author":1,"featured_media":0,"parent":806,"menu_order":0,"comment_status":"closed","ping_status":"closed","template":"","meta":{"footnotes":""},"class_list":["post-885","page","type-page","status-publish","hentry","entry"],"_links":{"self":[{"href":"https:\/\/cla.unical.it\/fr\/wp-json\/wp\/v2\/pages\/885","targetHints":{"allow":["GET"]}}],"collection":[{"href":"https:\/\/cla.unical.it\/fr\/wp-json\/wp\/v2\/pages"}],"about":[{"href":"https:\/\/cla.unical.it\/fr\/wp-json\/wp\/v2\/types\/page"}],"author":[{"embeddable":true,"href":"https:\/\/cla.unical.it\/fr\/wp-json\/wp\/v2\/users\/1"}],"replies":[{"embeddable":true,"href":"https:\/\/cla.unical.it\/fr\/wp-json\/wp\/v2\/comments?post=885"}],"version-history":[{"count":5,"href":"https:\/\/cla.unical.it\/fr\/wp-json\/wp\/v2\/pages\/885\/revisions"}],"predecessor-version":[{"id":9017,"href":"https:\/\/cla.unical.it\/fr\/wp-json\/wp\/v2\/pages\/885\/revisions\/9017"}],"up":[{"embeddable":true,"href":"https:\/\/cla.unical.it\/fr\/wp-json\/wp\/v2\/pages\/806"}],"wp:attachment":[{"href":"https:\/\/cla.unical.it\/fr\/wp-json\/wp\/v2\/media?parent=885"}],"curies":[{"name":"wp","href":"https:\/\/api.w.org\/{rel}","templated":true}]}}